{"id":8081,"date":"2020-11-12T17:10:24","date_gmt":"2020-11-12T17:10:24","guid":{"rendered":"https:\/\/sue\u00f1azul.com\/?page_id=8081"},"modified":"2020-11-12T20:22:11","modified_gmt":"2020-11-12T20:22:11","slug":"azor","status":"publish","type":"page","link":"https:\/\/sue\u00f1azul.com\/?page_id=8081","title":{"rendered":"AZOR"},"content":{"rendered":"\n\n\t<p>Cat\u00e1logos\u00a0 Azor<\/p>\n\t\t\t\t<img src=\"https:\/\/sue\u00f1azul.com\/wp-content\/uploads\/2020\/11\/moon20.jpg\" alt=\"moon20\"\/>\n\t\t\t<h3>SALONES MOON 20<\/h3>\n\t\t\t\t<p>VER CAT\u00c1LOGO<\/p>\n\t\t<a href=\"https:\/\/sue\u00f1azul.com\/wp-content\/uploads\/2020\/11\/azor-salones-moon.pdf\" target=\"_blank\" rel=\"noopener noreferrer\"><\/a>\n\t\t\t\t<img src=\"https:\/\/sue\u00f1azul.com\/wp-content\/uploads\/2020\/11\/yoko.jpg\" alt=\"yoko\"\/>\n\t\t\t<h3>SALONES YOKO<\/h3>\n\t\t\t\t<p>VER CAT\u00c1LOGO<\/p>\n\t\t<a href=\"https:\/\/sue\u00f1azul.com\/wp-content\/uploads\/2020\/11\/azor-salones-yoko.pdf\" target=\"_blank\" rel=\"noopener noreferrer\"><\/a>\n\t\t\t\t<img src=\"https:\/\/sue\u00f1azul.com\/wp-content\/uploads\/2020\/11\/urban19.jpg\" alt=\"urban19\"\/>\n\t\t\t<h3>DORMITORIOS URBAN19<\/h3>\n\t\t\t\t<p>VER CAT\u00c1LOGO<\/p>\n\t\t<a href=\"https:\/\/sue\u00f1azul.com\/wp-content\/uploads\/2020\/11\/dormitorio-urban-19.pdf\" target=\"_blank\" rel=\"noopener noreferrer\"><\/a>\n\t\t\t\t<img src=\"https:\/\/sue\u00f1azul.com\/wp-content\/uploads\/2020\/11\/jordan20.jpg\" alt=\"jordan20\"\/>\n\t\t\t<h3>DORMITORIOS JORDAN20<\/h3>\n\t\t\t\t<p>VER CAT\u00c1LOGO<\/p>\n\t\t<a href=\"https:\/\/sue\u00f1azul.com\/wp-content\/uploads\/2020\/11\/jordan20-dormitorios-nordic.pdf\" target=\"_blank\" rel=\"noopener noreferrer\"><\/a>\n\t\t\t\t<img src=\"https:\/\/sue\u00f1azul.com\/wp-content\/uploads\/2020\/11\/lider.jpg\" alt=\"lider\"\/>\n\t\t\t<h3>JUVENILES LIDER<\/h3>\n\t\t\t\t<p>VER CAT\u00c1LOGO<\/p>\n\t\t<a href=\"https:\/\/sue\u00f1azul.com\/wp-content\/uploads\/2020\/11\/azor-juvenil-lider.pdf\" target=\"_blank\" rel=\"noopener noreferrer\"><\/a>\n\t\t\t\t<img src=\"https:\/\/sue\u00f1azul.com\/wp-content\/uploads\/2020\/11\/bogal21.jpg\" alt=\"bogal21\"\/>\n\t\t\t<h3>AUXILIARES BOGAL21<\/h3>\n\t\t\t\t<p>VER CAT\u00c1LOGO<\/p>\n\t\t<a href=\"https:\/\/sue\u00f1azul.com\/wp-content\/uploads\/2020\/11\/azor-bogal.pdf\" target=\"_blank\" rel=\"noopener noreferrer\"><\/a>\n\n","protected":false},"excerpt":{"rendered":"<p>Cat\u00e1logos\u00a0 Azor SALONES MOON 20 VER CAT\u00c1LOGO SALONES YOKO VER CAT\u00c1LOGO DORMITORIOS URBAN19 VER CAT\u00c1LOGO DORMITORIOS JORDAN20 VER CAT\u00c1LOGO JUVENILES LIDER VER CAT\u00c1LOGO AUXILIARES BOGAL21 VER CAT\u00c1LOGO<\/p>\n","protected":false},"author":1,"featured_media":0,"parent":0,"menu_order":0,"comment_status":"closed","ping_status":"closed","template":"","meta":[],"yoast_head":"<!-- This site is optimized with the Yoast SEO plugin v15.9.2 - https:\/\/yoast.com\/wordpress\/plugins\/seo\/ -->\n<title>AZOR - Sue\u00f1Azul<\/title>\n<meta name=\"robots\" content=\"index, follow, max-snippet:-1, max-image-preview:large, max-video-preview:-1\" \/>\n<link rel=\"canonical\" href=\"https:\/\/sue\u00f1azul.com\/?page_id=8081\" \/>\n<meta property=\"og:locale\" content=\"es_ES\" \/>\n<meta property=\"og:type\" content=\"article\" \/>\n<meta property=\"og:title\" content=\"AZOR - Sue\u00f1Azul\" \/>\n<meta property=\"og:description\" content=\"Cat\u00e1logos\u00a0 Azor SALONES MOON 20 VER CAT\u00c1LOGO SALONES YOKO VER CAT\u00c1LOGO DORMITORIOS URBAN19 VER CAT\u00c1LOGO DORMITORIOS JORDAN20 VER CAT\u00c1LOGO JUVENILES LIDER VER CAT\u00c1LOGO AUXILIARES BOGAL21 VER CAT\u00c1LOGO\" \/>\n<meta property=\"og:url\" content=\"https:\/\/sue\u00f1azul.com\/?page_id=8081\" \/>\n<meta property=\"og:site_name\" content=\"Sue\u00f1Azul\" \/>\n<meta property=\"article:modified_time\" content=\"2020-11-12T20:22:11+00:00\" \/>\n<meta property=\"og:image\" content=\"https:\/\/sue\u00f1azul.com\/wp-content\/uploads\/2020\/11\/moon20.jpg\" \/>\n<meta name=\"twitter:card\" content=\"summary_large_image\" \/>\n<script type=\"application\/ld+json\" class=\"yoast-schema-graph\">{\"@context\":\"https:\/\/schema.org\",\"@graph\":[{\"@type\":\"WebSite\",\"@id\":\"https:\/\/sue\\u00f1azul.com\/#website\",\"url\":\"https:\/\/sue\\u00f1azul.com\/\",\"name\":\"Sue\\u00f1Azul\",\"description\":\"Somos una empresa especializada en la venta de art\\u00edculos de descanso, sof\\u00e1s y complementos para el hogar. Destacamos por ser una de las empresas l\\u00edder del sector del mobiliario descanso.\",\"potentialAction\":[{\"@type\":\"SearchAction\",\"target\":\"https:\/\/sue\\u00f1azul.com\/?s={search_term_string}\",\"query-input\":\"required name=search_term_string\"}],\"inLanguage\":\"es\"},{\"@type\":\"ImageObject\",\"@id\":\"https:\/\/sue\\u00f1azul.com\/?page_id=8081#primaryimage\",\"inLanguage\":\"es\",\"url\":\"https:\/\/sue\\u00f1azul.com\/wp-content\/uploads\/2020\/11\/moon20.jpg\",\"width\":786,\"height\":405},{\"@type\":\"WebPage\",\"@id\":\"https:\/\/sue\\u00f1azul.com\/?page_id=8081#webpage\",\"url\":\"https:\/\/sue\\u00f1azul.com\/?page_id=8081\",\"name\":\"AZOR - Sue\\u00f1Azul\",\"isPartOf\":{\"@id\":\"https:\/\/sue\\u00f1azul.com\/#website\"},\"primaryImageOfPage\":{\"@id\":\"https:\/\/sue\\u00f1azul.com\/?page_id=8081#primaryimage\"},\"datePublished\":\"2020-11-12T17:10:24+00:00\",\"dateModified\":\"2020-11-12T20:22:11+00:00\",\"breadcrumb\":{\"@id\":\"https:\/\/sue\\u00f1azul.com\/?page_id=8081#breadcrumb\"},\"inLanguage\":\"es\",\"potentialAction\":[{\"@type\":\"ReadAction\",\"target\":[\"https:\/\/sue\\u00f1azul.com\/?page_id=8081\"]}]},{\"@type\":\"BreadcrumbList\",\"@id\":\"https:\/\/sue\\u00f1azul.com\/?page_id=8081#breadcrumb\",\"itemListElement\":[{\"@type\":\"ListItem\",\"position\":1,\"item\":{\"@type\":\"WebPage\",\"@id\":\"https:\/\/sue\\u00f1azul.com\/\",\"url\":\"https:\/\/sue\\u00f1azul.com\/\",\"name\":\"Portada\"}},{\"@type\":\"ListItem\",\"position\":2,\"item\":{\"@type\":\"WebPage\",\"@id\":\"https:\/\/sue\\u00f1azul.com\/?page_id=8081\",\"url\":\"https:\/\/sue\\u00f1azul.com\/?page_id=8081\",\"name\":\"AZOR\"}}]}]}<\/script>\n<!-- \/ Yoast SEO plugin. -->","_links":{"self":[{"href":"https:\/\/sue\u00f1azul.com\/index.php?rest_route=\/wp\/v2\/pages\/8081"}],"collection":[{"href":"https:\/\/sue\u00f1azul.com\/index.php?rest_route=\/wp\/v2\/pages"}],"about":[{"href":"https:\/\/sue\u00f1azul.com\/index.php?rest_route=\/wp\/v2\/types\/page"}],"author":[{"embeddable":true,"href":"https:\/\/sue\u00f1azul.com\/index.php?rest_route=\/wp\/v2\/users\/1"}],"replies":[{"embeddable":true,"href":"https:\/\/sue\u00f1azul.com\/index.php?rest_route=%2Fwp%2Fv2%2Fcomments&post=8081"}],"version-history":[{"count":2,"href":"https:\/\/sue\u00f1azul.com\/index.php?rest_route=\/wp\/v2\/pages\/8081\/revisions"}],"predecessor-version":[{"id":8156,"href":"https:\/\/sue\u00f1azul.com\/index.php?rest_route=\/wp\/v2\/pages\/8081\/revisions\/8156"}],"wp:attachment":[{"href":"https:\/\/sue\u00f1azul.com\/index.php?rest_route=%2Fwp%2Fv2%2Fmedia&parent=8081"}],"curies":[{"name":"wp","href":"https:\/\/api.w.org\/{rel}","templated":true}]}}