{"id":1293,"date":"2020-06-29T06:21:04","date_gmt":"2020-06-29T06:21:04","guid":{"rendered":"https:\/\/sue\u00f1azul.com\/?post_type=product&#038;p=1293"},"modified":"2020-11-25T16:00:35","modified_gmt":"2020-11-25T15:00:35","slug":"kayak-londres","status":"publish","type":"product","link":"https:\/\/sue\u00f1azul.com\/?product=kayak-londres","title":{"rendered":"Sof\u00e1 cama Kayak Londres"},"content":{"rendered":"","protected":false},"excerpt":{"rendered":"<p>Sof\u00e1 cama desenfundable, autom\u00e1tico, fabricado con bisagras cincadas,<br \/>\nsomier met\u00e1lico de lamas de madera de HAYA y patas de PVC. Dispone de<br \/>\nun arc\u00f3n en tablero de part\u00edculas y madera tambi\u00e9n tapizado. Incorpora<br \/>\nun edred\u00f3n acolchado de 320 grs con dibujo y colch\u00f3n de goma de 23 kg.<\/p>\n<p>SOF\u00c1: 190 x 95 x 95 cm.<br \/>\nCAMA: 130 x 95 x 190 cm.<\/p>\n","protected":false},"featured_media":1294,"comment_status":"open","ping_status":"closed","template":"","meta":[],"yoast_head":"<!-- This site is optimized with the Yoast SEO plugin v15.9.2 - https:\/\/yoast.com\/wordpress\/plugins\/seo\/ -->\n<title>Sof\u00e1 cama Kayak Londres - Sue\u00f1Azul<\/title>\n<meta name=\"robots\" content=\"index, follow, max-snippet:-1, max-image-preview:large, max-video-preview:-1\" \/>\n<link rel=\"canonical\" href=\"https:\/\/sue\u00f1azul.com\/?product=kayak-londres\" \/>\n<meta property=\"og:locale\" content=\"es_ES\" \/>\n<meta property=\"og:type\" content=\"article\" \/>\n<meta property=\"og:title\" content=\"Sof\u00e1 cama Kayak Londres - Sue\u00f1Azul\" \/>\n<meta property=\"og:description\" content=\"Sof\u00e1 cama desenfundable, autom\u00e1tico, fabricado con bisagras cincadas, somier met\u00e1lico de lamas de madera de HAYA y patas de PVC. Dispone de un arc\u00f3n en tablero de part\u00edculas y madera tambi\u00e9n tapizado. Incorpora un edred\u00f3n acolchado de 320 grs con dibujo y colch\u00f3n de goma de 23 kg.  SOF\u00c1: 190 x 95 x 95 cm. CAMA: 130 x 95 x 190 cm.\" \/>\n<meta property=\"og:url\" content=\"https:\/\/sue\u00f1azul.com\/?product=kayak-londres\" \/>\n<meta property=\"og:site_name\" content=\"Sue\u00f1Azul\" \/>\n<meta property=\"article:modified_time\" content=\"2020-11-25T15:00:35+00:00\" \/>\n<meta property=\"og:image\" content=\"https:\/\/sue\u00f1azul.com\/wp-content\/uploads\/2020\/06\/KAYAK-scaled.jpg\" \/>\n\t<meta property=\"og:image:width\" content=\"2560\" \/>\n\t<meta property=\"og:image:height\" content=\"1280\" \/>\n<meta name=\"twitter:card\" content=\"summary_large_image\" \/>\n<script type=\"application\/ld+json\" class=\"yoast-schema-graph\">{\"@context\":\"https:\/\/schema.org\",\"@graph\":[{\"@type\":\"WebSite\",\"@id\":\"https:\/\/sue\\u00f1azul.com\/#website\",\"url\":\"https:\/\/sue\\u00f1azul.com\/\",\"name\":\"Sue\\u00f1Azul\",\"description\":\"Somos una empresa especializada en la venta de art\\u00edculos de descanso, sof\\u00e1s y complementos para el hogar. Destacamos por ser una de las empresas l\\u00edder del sector del mobiliario descanso.\",\"potentialAction\":[{\"@type\":\"SearchAction\",\"target\":\"https:\/\/sue\\u00f1azul.com\/?s={search_term_string}\",\"query-input\":\"required name=search_term_string\"}],\"inLanguage\":\"es\"},{\"@type\":\"ImageObject\",\"@id\":\"https:\/\/sue\\u00f1azul.com\/?product=kayak-londres#primaryimage\",\"inLanguage\":\"es\",\"url\":\"https:\/\/sue\\u00f1azul.com\/wp-content\/uploads\/2020\/06\/KAYAK-scaled.jpg\",\"width\":2560,\"height\":1280},{\"@type\":\"WebPage\",\"@id\":\"https:\/\/sue\\u00f1azul.com\/?product=kayak-londres#webpage\",\"url\":\"https:\/\/sue\\u00f1azul.com\/?product=kayak-londres\",\"name\":\"Sof\\u00e1 cama Kayak Londres - Sue\\u00f1Azul\",\"isPartOf\":{\"@id\":\"https:\/\/sue\\u00f1azul.com\/#website\"},\"primaryImageOfPage\":{\"@id\":\"https:\/\/sue\\u00f1azul.com\/?product=kayak-londres#primaryimage\"},\"datePublished\":\"2020-06-29T06:21:04+00:00\",\"dateModified\":\"2020-11-25T15:00:35+00:00\",\"breadcrumb\":{\"@id\":\"https:\/\/sue\\u00f1azul.com\/?product=kayak-londres#breadcrumb\"},\"inLanguage\":\"es\",\"potentialAction\":[{\"@type\":\"ReadAction\",\"target\":[\"https:\/\/sue\\u00f1azul.com\/?product=kayak-londres\"]}]},{\"@type\":\"BreadcrumbList\",\"@id\":\"https:\/\/sue\\u00f1azul.com\/?product=kayak-londres#breadcrumb\",\"itemListElement\":[{\"@type\":\"ListItem\",\"position\":1,\"item\":{\"@type\":\"WebPage\",\"@id\":\"https:\/\/sue\\u00f1azul.com\/\",\"url\":\"https:\/\/sue\\u00f1azul.com\/\",\"name\":\"Portada\"}},{\"@type\":\"ListItem\",\"position\":2,\"item\":{\"@type\":\"WebPage\",\"@id\":\"https:\/\/sue\\u00f1azul.com\/?page_id=264\",\"url\":\"https:\/\/sue\\u00f1azul.com\/?page_id=264\",\"name\":\"Tienda\"}},{\"@type\":\"ListItem\",\"position\":3,\"item\":{\"@type\":\"WebPage\",\"@id\":\"https:\/\/sue\\u00f1azul.com\/?product=kayak-londres\",\"url\":\"https:\/\/sue\\u00f1azul.com\/?product=kayak-londres\",\"name\":\"Sof\\u00e1 cama Kayak Londres\"}}]}]}<\/script>\n<!-- \/ Yoast SEO plugin. -->","_links":{"self":[{"href":"https:\/\/sue\u00f1azul.com\/index.php?rest_route=\/wp\/v2\/product\/1293"}],"collection":[{"href":"https:\/\/sue\u00f1azul.com\/index.php?rest_route=\/wp\/v2\/product"}],"about":[{"href":"https:\/\/sue\u00f1azul.com\/index.php?rest_route=\/wp\/v2\/types\/product"}],"replies":[{"embeddable":true,"href":"https:\/\/sue\u00f1azul.com\/index.php?rest_route=%2Fwp%2Fv2%2Fcomments&post=1293"}],"wp:featuredmedia":[{"embeddable":true,"href":"https:\/\/sue\u00f1azul.com\/index.php?rest_route=\/wp\/v2\/media\/1294"}],"wp:attachment":[{"href":"https:\/\/sue\u00f1azul.com\/index.php?rest_route=%2Fwp%2Fv2%2Fmedia&parent=1293"}],"curies":[{"name":"wp","href":"https:\/\/api.w.org\/{rel}","templated":true}]}}