{"id":2177,"date":"2020-07-04T21:15:58","date_gmt":"2020-07-04T21:15:58","guid":{"rendered":"https:\/\/sue\u00f1azul.com\/?post_type=product&#038;p=2177"},"modified":"2020-11-25T14:10:17","modified_gmt":"2020-11-25T13:10:17","slug":"2177","status":"publish","type":"product","link":"https:\/\/sue\u00f1azul.com\/?product=2177","title":{"rendered":"Sof\u00e1 modelo Roma"},"content":{"rendered":"","protected":false},"excerpt":{"rendered":"<p>Sof\u00e1 modelo Roma<\/p>\n<p>Este sof\u00e1 chaiselongue posee un dise\u00f1o moderno y actual, tiene asientos extra\u00edbles, respaldos reclinables y una sentada de alto confort, gracias a su espuma s\u00faper suave de 30 kg. Tiene un dise\u00f1o moderno gracias a los brazos de forma que presenta.<\/p>\n<p>Este modelo esta disponible en varias versiones, sof\u00e1 chaiselongue, sof\u00e1 con 3 asientos de 4 \u00f3 5 plazas, sof\u00e1 de 3 plazas con 2 asientos y otras\u00a0medidas. Opcionalmente se le puede a\u00f1adir arc\u00f3n debajo del asiento del chaiselongue y 2 taburetes en su brazo peque\u00f1o.<\/p>\n<p>Como elemento decorativo\u00a0el cliente puede elegir los pespuntes contrastados, que\u00a0le proporcionan una vista diferente\u00a0 y actual.\u00a0 Se trata de un\u00a0modelo que combina, a la perfecci\u00f3n,\u00a0calidad, dise\u00f1o\u00a0y precio.<\/p>\n<div class=\"p-tabs\">\n<h3>Caracter\u00edsticas generales<\/h3>\n<div class=\"p-tabs\">\n<ul>\n<li>Asientos extra\u00edbles con goma de 30\u00a0kg de\u00a0alto confort<\/li>\n<li>Respaldos inclinables<\/li>\n<li>Doble pespunte contrastado o a\u00a0tono<\/li>\n<li>Brazos con formas<\/li>\n<li>2 Cojines decorativo<\/li>\n<li>Armaz\u00f3n de madera de pino reforzado con paneles de part\u00edculas<\/li>\n<li>Opcionalmente se le puede a\u00f1adir arc\u00f3n debajo del chaiselongue<\/li>\n<li>Respaldos con fibra hueca<\/li>\n<\/ul>\n<\/div>\n<h3>Dise\u00f1os y acabados disponibles para esta colecci\u00f3n<\/h3>\n<div class=\"p-tabs\">\n<ul>\n<li>Sof\u00e1 3 plazas + chaiselongue: 300 cm<\/li>\n<li><strong>Sof\u00e1 2.5 plazas + chaiselongue: 270 cm<\/strong><\/li>\n<li>Sof\u00e1 2 Plazas + Chaiselongue: 240 cm<\/li>\n<li>Sof\u00e1 3 Plazas MAxi: 220 cm<\/li>\n<li>Sof\u00e1 3 Plazas: 200 cm<\/li>\n<li>Sof\u00e1 2 plazas: 180 cm<\/li>\n<\/ul>\n<p>Disponible en otras medidas y configuraciones, consultar t\u00e9cnico y realizar al gusto.<\/p>\n<\/div>\n<\/div>\n<p>Fabricado \u00a0con gomas de alta densidad , tapizados en tejidos anti manchas, Aquiline.<\/p>\n<p>Se fabrica a medida , posibilidad de cualquier modificaci\u00f3n necesaria.<\/p>\n<p>Opci\u00f3n de brazo pouf ( incluir dos Pouf a juego introducidos en un lateral : tapizado serie Premium \u00a028\u20ac suplemento ; serie B 56\u20ac)<\/p>\n<p>CARACTER\u00cdSTICAS<br \/>\nAsiento deslizante.<br \/>\nRespaldo reclinable.<br \/>\nPata de tubo de metal de 4 cm.<\/p>\n<p>Incluye dos cojines decorativos a juego.<\/p>\n<p>Tapizados: Gran variedad de carta de colores y tipos de tejidos anti-manchas \u00a0aqualine .<\/p>\n<p>Opci\u00f3n arc\u00f3n en m\u00f3dulo chaiselongue (50\u20ac). Opci\u00f3n brazo de 20 (sin incremeto).<br \/>\nBrazo desmontable con anclajes de precisi\u00f3n<\/p>\n","protected":false},"featured_media":2183,"comment_status":"open","ping_status":"closed","template":"","meta":[],"yoast_head":"<!-- This site is optimized with the Yoast SEO plugin v15.9.2 - https:\/\/yoast.com\/wordpress\/plugins\/seo\/ -->\n<title>Sof\u00e1 modelo Roma - Sue\u00f1Azul<\/title>\n<meta name=\"robots\" content=\"index, follow, max-snippet:-1, max-image-preview:large, max-video-preview:-1\" \/>\n<link rel=\"canonical\" href=\"https:\/\/sue\u00f1azul.com\/?product=2177\" \/>\n<meta property=\"og:locale\" content=\"es_ES\" \/>\n<meta property=\"og:type\" content=\"article\" \/>\n<meta property=\"og:title\" content=\"Sof\u00e1 modelo Roma - Sue\u00f1Azul\" \/>\n<meta property=\"og:description\" content=\"Sof\u00e1 modelo Roma  Este sof\u00e1 chaiselongue posee un dise\u00f1o moderno y actual, tiene asientos extra\u00edbles, respaldos reclinables y una sentada de alto confort, gracias a su espuma s\u00faper suave de 30 kg. Tiene un dise\u00f1o moderno gracias a los brazos de forma que presenta.  Este modelo esta disponible en varias versiones, sof\u00e1 chaiselongue, sof\u00e1 con 3 asientos de 4 \u00f3 5 plazas, sof\u00e1 de 3 plazas con 2 asientos y otras\u00a0medidas. Opcionalmente se le puede a\u00f1adir arc\u00f3n debajo del asiento del chaiselongue y 2 taburetes en su brazo peque\u00f1o.  Como elemento decorativo\u00a0el cliente puede elegir los pespuntes contrastados, que\u00a0le proporcionan una vista diferente\u00a0 y actual.\u00a0 Se trata de un\u00a0modelo que combina, a la perfecci\u00f3n,\u00a0calidad, dise\u00f1o\u00a0y precio.  Caracter\u00edsticas generales    Asientos extra\u00edbles con goma de 30\u00a0kg de\u00a0alto confort  Respaldos inclinables  Doble pespunte contrastado o a\u00a0tono  Brazos con formas  2 Cojines decorativo  Armaz\u00f3n de madera de pino reforzado con paneles de part\u00edculas  Opcionalmente se le puede a\u00f1adir arc\u00f3n debajo del chaiselongue  Respaldos con fibra hueca   Dise\u00f1os y acabados disponibles para esta colecci\u00f3n    Sof\u00e1 3 plazas + chaiselongue: 300 cm  Sof\u00e1 2.5 plazas + chaiselongue: 270 cm  Sof\u00e1 2 Plazas + Chaiselongue: 240 cm  Sof\u00e1 3 Plazas MAxi: 220 cm  Sof\u00e1 3 Plazas: 200 cm  Sof\u00e1 2 plazas: 180 cm  Disponible en otras medidas y configuraciones, consultar t\u00e9cnico y realizar al gusto.    Fabricado \u00a0con gomas de alta densidad , tapizados en tejidos anti manchas, Aquiline.  Se fabrica a medida , posibilidad de cualquier modificaci\u00f3n necesaria.  Opci\u00f3n de brazo pouf ( incluir dos Pouf a juego introducidos en un lateral : tapizado serie Premium \u00a028\u20ac suplemento ; serie B 56\u20ac)  CARACTER\u00cdSTICAS Asiento deslizante. Respaldo reclinable. Pata de tubo de metal de 4 cm.  Incluye dos cojines decorativos a juego.  Tapizados: Gran variedad de carta de colores y tipos de tejidos anti-manchas \u00a0aqualine .  Opci\u00f3n arc\u00f3n en m\u00f3dulo chaiselongue (50\u20ac). Opci\u00f3n brazo de 20 (sin incremeto). Brazo desmontable con anclajes de precisi\u00f3n\" \/>\n<meta property=\"og:url\" content=\"https:\/\/sue\u00f1azul.com\/?product=2177\" \/>\n<meta property=\"og:site_name\" content=\"Sue\u00f1Azul\" \/>\n<meta property=\"article:modified_time\" content=\"2020-11-25T13:10:17+00:00\" \/>\n<meta property=\"og:image\" content=\"https:\/\/sue\u00f1azul.com\/wp-content\/uploads\/2020\/07\/BF2C2B42-566E-498F-8941-8CC428A55CD9.jpeg\" \/>\n\t<meta property=\"og:image:width\" content=\"828\" \/>\n\t<meta property=\"og:image:height\" content=\"426\" \/>\n<meta name=\"twitter:card\" content=\"summary_large_image\" \/>\n<script type=\"application\/ld+json\" class=\"yoast-schema-graph\">{\"@context\":\"https:\/\/schema.org\",\"@graph\":[{\"@type\":\"WebSite\",\"@id\":\"https:\/\/sue\\u00f1azul.com\/#website\",\"url\":\"https:\/\/sue\\u00f1azul.com\/\",\"name\":\"Sue\\u00f1Azul\",\"description\":\"Somos una empresa especializada en la venta de art\\u00edculos de descanso, sof\\u00e1s y complementos para el hogar. Destacamos por ser una de las empresas l\\u00edder del sector del mobiliario descanso.\",\"potentialAction\":[{\"@type\":\"SearchAction\",\"target\":\"https:\/\/sue\\u00f1azul.com\/?s={search_term_string}\",\"query-input\":\"required name=search_term_string\"}],\"inLanguage\":\"es\"},{\"@type\":\"ImageObject\",\"@id\":\"https:\/\/sue\\u00f1azul.com\/?product=2177#primaryimage\",\"inLanguage\":\"es\",\"url\":\"https:\/\/sue\\u00f1azul.com\/wp-content\/uploads\/2020\/07\/BF2C2B42-566E-498F-8941-8CC428A55CD9.jpeg\",\"width\":828,\"height\":426},{\"@type\":\"WebPage\",\"@id\":\"https:\/\/sue\\u00f1azul.com\/?product=2177#webpage\",\"url\":\"https:\/\/sue\\u00f1azul.com\/?product=2177\",\"name\":\"Sof\\u00e1 modelo Roma - Sue\\u00f1Azul\",\"isPartOf\":{\"@id\":\"https:\/\/sue\\u00f1azul.com\/#website\"},\"primaryImageOfPage\":{\"@id\":\"https:\/\/sue\\u00f1azul.com\/?product=2177#primaryimage\"},\"datePublished\":\"2020-07-04T21:15:58+00:00\",\"dateModified\":\"2020-11-25T13:10:17+00:00\",\"breadcrumb\":{\"@id\":\"https:\/\/sue\\u00f1azul.com\/?product=2177#breadcrumb\"},\"inLanguage\":\"es\",\"potentialAction\":[{\"@type\":\"ReadAction\",\"target\":[\"https:\/\/sue\\u00f1azul.com\/?product=2177\"]}]},{\"@type\":\"BreadcrumbList\",\"@id\":\"https:\/\/sue\\u00f1azul.com\/?product=2177#breadcrumb\",\"itemListElement\":[{\"@type\":\"ListItem\",\"position\":1,\"item\":{\"@type\":\"WebPage\",\"@id\":\"https:\/\/sue\\u00f1azul.com\/\",\"url\":\"https:\/\/sue\\u00f1azul.com\/\",\"name\":\"Portada\"}},{\"@type\":\"ListItem\",\"position\":2,\"item\":{\"@type\":\"WebPage\",\"@id\":\"https:\/\/sue\\u00f1azul.com\/?page_id=264\",\"url\":\"https:\/\/sue\\u00f1azul.com\/?page_id=264\",\"name\":\"Tienda\"}},{\"@type\":\"ListItem\",\"position\":3,\"item\":{\"@type\":\"WebPage\",\"@id\":\"https:\/\/sue\\u00f1azul.com\/?product=2177\",\"url\":\"https:\/\/sue\\u00f1azul.com\/?product=2177\",\"name\":\"Sof\\u00e1 modelo Roma\"}}]}]}<\/script>\n<!-- \/ Yoast SEO plugin. -->","_links":{"self":[{"href":"https:\/\/sue\u00f1azul.com\/index.php?rest_route=\/wp\/v2\/product\/2177"}],"collection":[{"href":"https:\/\/sue\u00f1azul.com\/index.php?rest_route=\/wp\/v2\/product"}],"about":[{"href":"https:\/\/sue\u00f1azul.com\/index.php?rest_route=\/wp\/v2\/types\/product"}],"replies":[{"embeddable":true,"href":"https:\/\/sue\u00f1azul.com\/index.php?rest_route=%2Fwp%2Fv2%2Fcomments&post=2177"}],"wp:featuredmedia":[{"embeddable":true,"href":"https:\/\/sue\u00f1azul.com\/index.php?rest_route=\/wp\/v2\/media\/2183"}],"wp:attachment":[{"href":"https:\/\/sue\u00f1azul.com\/index.php?rest_route=%2Fwp%2Fv2%2Fmedia&parent=2177"}],"curies":[{"name":"wp","href":"https:\/\/api.w.org\/{rel}","templated":true}]}}