{"id":2293,"date":"2020-07-08T21:07:23","date_gmt":"2020-07-08T21:07:23","guid":{"rendered":"https:\/\/sue\u00f1azul.com\/?post_type=product&#038;p=2293"},"modified":"2020-07-08T21:07:23","modified_gmt":"2020-07-08T21:07:23","slug":"mesa-auxiliar-andy","status":"publish","type":"product","link":"https:\/\/sue\u00f1azul.com\/?product=mesa-auxiliar-andy","title":{"rendered":"Mesa auxiliar ANDY"},"content":{"rendered":"<p>Mesa auxiliar de madera en formato cuadrado, color blanco y patas en acabado nogal.<\/p>\n<p>La combinaci\u00f3n de materiales y color le confieren una est\u00e9tica ideal para estilos n\u00f3rdicos.<\/p>\n<p>Coloca un jarr\u00f3n, cuenco o marco de fotos y convierte el rinc\u00f3n de tu sal\u00f3n en un espacio \u00fanico y con clase.<\/p>\n<table class=\"table-data-sheet\">\n<tbody>\n<tr class=\"odd\">\n<td>Medidas<\/td>\n<td>\u00a0 60 X 60 X 44<\/td>\n<\/tr>\n<\/tbody>\n<\/table>\n","protected":false},"excerpt":{"rendered":"<p>Mesa auxiliar de madera en formato cuadrado, color blanco y patas en acabado nogal.<\/p>\n<p>La combinaci\u00f3n de materiales y color le confieren una est\u00e9tica ideal para estilos n\u00f3rdicos.<\/p>\n<p>Coloca un jarr\u00f3n, cuenco o marco de fotos y convierte el rinc\u00f3n de tu sal\u00f3n en un espacio \u00fanico y con clase.<\/p>\n","protected":false},"featured_media":2295,"comment_status":"open","ping_status":"closed","template":"","meta":[],"yoast_head":"<!-- This site is optimized with the Yoast SEO plugin v15.9.2 - https:\/\/yoast.com\/wordpress\/plugins\/seo\/ -->\n<title>Mesa auxiliar ANDY - Sue\u00f1Azul<\/title>\n<meta name=\"robots\" content=\"index, follow, max-snippet:-1, max-image-preview:large, max-video-preview:-1\" \/>\n<link rel=\"canonical\" href=\"https:\/\/sue\u00f1azul.com\/?product=mesa-auxiliar-andy\" \/>\n<meta property=\"og:locale\" content=\"es_ES\" \/>\n<meta property=\"og:type\" content=\"article\" \/>\n<meta property=\"og:title\" content=\"Mesa auxiliar ANDY - Sue\u00f1Azul\" \/>\n<meta property=\"og:description\" content=\"Mesa auxiliar de madera en formato cuadrado, color blanco y patas en acabado nogal.  La combinaci\u00f3n de materiales y color le confieren una est\u00e9tica ideal para estilos n\u00f3rdicos.  Coloca un jarr\u00f3n, cuenco o marco de fotos y convierte el rinc\u00f3n de tu sal\u00f3n en un espacio \u00fanico y con clase.\" \/>\n<meta property=\"og:url\" content=\"https:\/\/sue\u00f1azul.com\/?product=mesa-auxiliar-andy\" \/>\n<meta property=\"og:site_name\" content=\"Sue\u00f1Azul\" \/>\n<meta property=\"og:image\" content=\"https:\/\/sue\u00f1azul.com\/wp-content\/uploads\/2020\/07\/mesa-auxiliar-andy-nogal.jpg\" \/>\n\t<meta property=\"og:image:width\" content=\"800\" \/>\n\t<meta property=\"og:image:height\" content=\"800\" \/>\n<meta name=\"twitter:card\" content=\"summary_large_image\" \/>\n<script type=\"application\/ld+json\" class=\"yoast-schema-graph\">{\"@context\":\"https:\/\/schema.org\",\"@graph\":[{\"@type\":\"WebSite\",\"@id\":\"https:\/\/sue\\u00f1azul.com\/#website\",\"url\":\"https:\/\/sue\\u00f1azul.com\/\",\"name\":\"Sue\\u00f1Azul\",\"description\":\"Somos una empresa especializada en la venta de art\\u00edculos de descanso, sof\\u00e1s y complementos para el hogar. Destacamos por ser una de las empresas l\\u00edder del sector del mobiliario descanso.\",\"potentialAction\":[{\"@type\":\"SearchAction\",\"target\":\"https:\/\/sue\\u00f1azul.com\/?s={search_term_string}\",\"query-input\":\"required name=search_term_string\"}],\"inLanguage\":\"es\"},{\"@type\":\"ImageObject\",\"@id\":\"https:\/\/sue\\u00f1azul.com\/?product=mesa-auxiliar-andy#primaryimage\",\"inLanguage\":\"es\",\"url\":\"https:\/\/sue\\u00f1azul.com\/wp-content\/uploads\/2020\/07\/mesa-auxiliar-andy-nogal.jpg\",\"width\":800,\"height\":800},{\"@type\":\"WebPage\",\"@id\":\"https:\/\/sue\\u00f1azul.com\/?product=mesa-auxiliar-andy#webpage\",\"url\":\"https:\/\/sue\\u00f1azul.com\/?product=mesa-auxiliar-andy\",\"name\":\"Mesa auxiliar ANDY - Sue\\u00f1Azul\",\"isPartOf\":{\"@id\":\"https:\/\/sue\\u00f1azul.com\/#website\"},\"primaryImageOfPage\":{\"@id\":\"https:\/\/sue\\u00f1azul.com\/?product=mesa-auxiliar-andy#primaryimage\"},\"datePublished\":\"2020-07-08T21:07:23+00:00\",\"dateModified\":\"2020-07-08T21:07:23+00:00\",\"breadcrumb\":{\"@id\":\"https:\/\/sue\\u00f1azul.com\/?product=mesa-auxiliar-andy#breadcrumb\"},\"inLanguage\":\"es\",\"potentialAction\":[{\"@type\":\"ReadAction\",\"target\":[\"https:\/\/sue\\u00f1azul.com\/?product=mesa-auxiliar-andy\"]}]},{\"@type\":\"BreadcrumbList\",\"@id\":\"https:\/\/sue\\u00f1azul.com\/?product=mesa-auxiliar-andy#breadcrumb\",\"itemListElement\":[{\"@type\":\"ListItem\",\"position\":1,\"item\":{\"@type\":\"WebPage\",\"@id\":\"https:\/\/sue\\u00f1azul.com\/\",\"url\":\"https:\/\/sue\\u00f1azul.com\/\",\"name\":\"Portada\"}},{\"@type\":\"ListItem\",\"position\":2,\"item\":{\"@type\":\"WebPage\",\"@id\":\"https:\/\/sue\\u00f1azul.com\/?page_id=264\",\"url\":\"https:\/\/sue\\u00f1azul.com\/?page_id=264\",\"name\":\"Tienda\"}},{\"@type\":\"ListItem\",\"position\":3,\"item\":{\"@type\":\"WebPage\",\"@id\":\"https:\/\/sue\\u00f1azul.com\/?product=mesa-auxiliar-andy\",\"url\":\"https:\/\/sue\\u00f1azul.com\/?product=mesa-auxiliar-andy\",\"name\":\"Mesa auxiliar ANDY\"}}]}]}<\/script>\n<!-- \/ Yoast SEO plugin. -->","_links":{"self":[{"href":"https:\/\/sue\u00f1azul.com\/index.php?rest_route=\/wp\/v2\/product\/2293"}],"collection":[{"href":"https:\/\/sue\u00f1azul.com\/index.php?rest_route=\/wp\/v2\/product"}],"about":[{"href":"https:\/\/sue\u00f1azul.com\/index.php?rest_route=\/wp\/v2\/types\/product"}],"replies":[{"embeddable":true,"href":"https:\/\/sue\u00f1azul.com\/index.php?rest_route=%2Fwp%2Fv2%2Fcomments&post=2293"}],"wp:featuredmedia":[{"embeddable":true,"href":"https:\/\/sue\u00f1azul.com\/index.php?rest_route=\/wp\/v2\/media\/2295"}],"wp:attachment":[{"href":"https:\/\/sue\u00f1azul.com\/index.php?rest_route=%2Fwp%2Fv2%2Fmedia&parent=2293"}],"curies":[{"name":"wp","href":"https:\/\/api.w.org\/{rel}","templated":true}]}}