{"id":2662,"date":"2020-07-25T01:08:08","date_gmt":"2020-07-25T01:08:08","guid":{"rendered":"https:\/\/sue\u00f1azul.com\/?post_type=product&#038;p=2662"},"modified":"2020-07-25T01:08:08","modified_gmt":"2020-07-25T01:08:08","slug":"puff-alex","status":"publish","type":"product","link":"https:\/\/sue\u00f1azul.com\/?product=puff-alex","title":{"rendered":"Puff ALEX"},"content":{"rendered":"<p>Puff redondo tama\u00f1o grande de 100cm de diametro. Espuma de alta densidad 24. Estructura de madera y tapizado en tela color azul.<\/p>\n<p>Puff de dise\u00f1o original y c\u00f3modo. Destaca por su versatilidad, pudiendo adaptarlo a ambientes m\u00e1s juveniles donde poder jugar en una zona de ocio a crear un rinc\u00f3n singular donde poder relajarse en comedor o terraza.<\/p>\n<table class=\"table-data-sheet\">\n<tbody>\n<tr class=\"odd\">\n<td>Medidas<\/td>\n<td>\u00a0 \u00f8 100 x 25 cm<\/td>\n<\/tr>\n<tr class=\"even\">\n<td>Peso<\/td>\n<td>\u00a0 14 kg<\/td>\n<\/tr>\n<\/tbody>\n<\/table>\n","protected":false},"excerpt":{"rendered":"<p>Puff redondo tama\u00f1o grande de 100cm de diametro. Espuma de alta densidad 24. Estructura de madera y tapizado en tela color azul.<\/p>\n<p>Puff de dise\u00f1o original y c\u00f3modo. Destaca por su versatilidad, pudiendo adaptarlo a ambientes m\u00e1s juveniles donde poder jugar en una zona de ocio a crear un rinc\u00f3n singular donde poder relajarse en comedor o terraza.<\/p>\n","protected":false},"featured_media":2664,"comment_status":"open","ping_status":"closed","template":"","meta":[],"yoast_head":"<!-- This site is optimized with the Yoast SEO plugin v15.9.2 - https:\/\/yoast.com\/wordpress\/plugins\/seo\/ -->\n<title>Puff ALEX - Sue\u00f1Azul<\/title>\n<meta name=\"robots\" content=\"index, follow, max-snippet:-1, max-image-preview:large, max-video-preview:-1\" \/>\n<link rel=\"canonical\" href=\"https:\/\/sue\u00f1azul.com\/?product=puff-alex\" \/>\n<meta property=\"og:locale\" content=\"es_ES\" \/>\n<meta property=\"og:type\" content=\"article\" \/>\n<meta property=\"og:title\" content=\"Puff ALEX - Sue\u00f1Azul\" \/>\n<meta property=\"og:description\" content=\"Puff redondo tama\u00f1o grande de 100cm de diametro. Espuma de alta densidad 24. Estructura de madera y tapizado en tela color azul.  Puff de dise\u00f1o original y c\u00f3modo. Destaca por su versatilidad, pudiendo adaptarlo a ambientes m\u00e1s juveniles donde poder jugar en una zona de ocio a crear un rinc\u00f3n singular donde poder relajarse en comedor o terraza.\" \/>\n<meta property=\"og:url\" content=\"https:\/\/sue\u00f1azul.com\/?product=puff-alex\" \/>\n<meta property=\"og:site_name\" content=\"Sue\u00f1Azul\" \/>\n<meta property=\"og:image\" content=\"https:\/\/sue\u00f1azul.com\/wp-content\/uploads\/2020\/07\/puff-alex-tela-azul.jpg\" \/>\n\t<meta property=\"og:image:width\" content=\"800\" \/>\n\t<meta property=\"og:image:height\" content=\"800\" \/>\n<meta name=\"twitter:card\" content=\"summary_large_image\" \/>\n<script type=\"application\/ld+json\" class=\"yoast-schema-graph\">{\"@context\":\"https:\/\/schema.org\",\"@graph\":[{\"@type\":\"WebSite\",\"@id\":\"https:\/\/sue\\u00f1azul.com\/#website\",\"url\":\"https:\/\/sue\\u00f1azul.com\/\",\"name\":\"Sue\\u00f1Azul\",\"description\":\"Somos una empresa especializada en la venta de art\\u00edculos de descanso, sof\\u00e1s y complementos para el hogar. Destacamos por ser una de las empresas l\\u00edder del sector del mobiliario descanso.\",\"potentialAction\":[{\"@type\":\"SearchAction\",\"target\":\"https:\/\/sue\\u00f1azul.com\/?s={search_term_string}\",\"query-input\":\"required name=search_term_string\"}],\"inLanguage\":\"es\"},{\"@type\":\"ImageObject\",\"@id\":\"https:\/\/sue\\u00f1azul.com\/?product=puff-alex#primaryimage\",\"inLanguage\":\"es\",\"url\":\"https:\/\/sue\\u00f1azul.com\/wp-content\/uploads\/2020\/07\/puff-alex-tela-azul.jpg\",\"width\":800,\"height\":800},{\"@type\":\"WebPage\",\"@id\":\"https:\/\/sue\\u00f1azul.com\/?product=puff-alex#webpage\",\"url\":\"https:\/\/sue\\u00f1azul.com\/?product=puff-alex\",\"name\":\"Puff ALEX - Sue\\u00f1Azul\",\"isPartOf\":{\"@id\":\"https:\/\/sue\\u00f1azul.com\/#website\"},\"primaryImageOfPage\":{\"@id\":\"https:\/\/sue\\u00f1azul.com\/?product=puff-alex#primaryimage\"},\"datePublished\":\"2020-07-25T01:08:08+00:00\",\"dateModified\":\"2020-07-25T01:08:08+00:00\",\"breadcrumb\":{\"@id\":\"https:\/\/sue\\u00f1azul.com\/?product=puff-alex#breadcrumb\"},\"inLanguage\":\"es\",\"potentialAction\":[{\"@type\":\"ReadAction\",\"target\":[\"https:\/\/sue\\u00f1azul.com\/?product=puff-alex\"]}]},{\"@type\":\"BreadcrumbList\",\"@id\":\"https:\/\/sue\\u00f1azul.com\/?product=puff-alex#breadcrumb\",\"itemListElement\":[{\"@type\":\"ListItem\",\"position\":1,\"item\":{\"@type\":\"WebPage\",\"@id\":\"https:\/\/sue\\u00f1azul.com\/\",\"url\":\"https:\/\/sue\\u00f1azul.com\/\",\"name\":\"Portada\"}},{\"@type\":\"ListItem\",\"position\":2,\"item\":{\"@type\":\"WebPage\",\"@id\":\"https:\/\/sue\\u00f1azul.com\/?page_id=264\",\"url\":\"https:\/\/sue\\u00f1azul.com\/?page_id=264\",\"name\":\"Tienda\"}},{\"@type\":\"ListItem\",\"position\":3,\"item\":{\"@type\":\"WebPage\",\"@id\":\"https:\/\/sue\\u00f1azul.com\/?product=puff-alex\",\"url\":\"https:\/\/sue\\u00f1azul.com\/?product=puff-alex\",\"name\":\"Puff ALEX\"}}]}]}<\/script>\n<!-- \/ Yoast SEO plugin. -->","_links":{"self":[{"href":"https:\/\/sue\u00f1azul.com\/index.php?rest_route=\/wp\/v2\/product\/2662"}],"collection":[{"href":"https:\/\/sue\u00f1azul.com\/index.php?rest_route=\/wp\/v2\/product"}],"about":[{"href":"https:\/\/sue\u00f1azul.com\/index.php?rest_route=\/wp\/v2\/types\/product"}],"replies":[{"embeddable":true,"href":"https:\/\/sue\u00f1azul.com\/index.php?rest_route=%2Fwp%2Fv2%2Fcomments&post=2662"}],"wp:featuredmedia":[{"embeddable":true,"href":"https:\/\/sue\u00f1azul.com\/index.php?rest_route=\/wp\/v2\/media\/2664"}],"wp:attachment":[{"href":"https:\/\/sue\u00f1azul.com\/index.php?rest_route=%2Fwp%2Fv2%2Fmedia&parent=2662"}],"curies":[{"name":"wp","href":"https:\/\/api.w.org\/{rel}","templated":true}]}}