{"id":2785,"date":"2020-08-04T14:54:43","date_gmt":"2020-08-04T14:54:43","guid":{"rendered":"https:\/\/sue\u00f1azul.com\/?post_type=product&#038;p=2785"},"modified":"2020-08-12T03:48:36","modified_gmt":"2020-08-12T03:48:36","slug":"butaca-buenos-aires","status":"publish","type":"product","link":"https:\/\/sue\u00f1azul.com\/?product=butaca-buenos-aires","title":{"rendered":"Butaca BUENOS AIRES"},"content":{"rendered":"<p>Butaca tapizada con patas de madera ligeramente inclinadas acabadas en color natural.<\/p>\n<p>Su dise\u00f1o sencillo hace de esta butaca\u00a0una pieza\u00a0auxiliar ideal en cualquier estancia del hogar.<\/p>\n<p>Encajar\u00e1 a la perfecci\u00f3n en ambientes con un estilo n\u00f3rdico.<\/p>\n<table class=\"table-data-sheet\">\n<tbody>\n<tr class=\"odd\">\n<td>Medidas<\/td>\n<td>\u00a0 74 x 80 x 79 cm<\/td>\n<\/tr>\n<tr class=\"even\">\n<td>Altura asiento<\/td>\n<td>\u00a0 41 cm<\/td>\n<\/tr>\n<tr class=\"odd\">\n<td>Peso<\/td>\n<td>\u00a0 16 kg<\/td>\n<\/tr>\n<\/tbody>\n<\/table>\n","protected":false},"excerpt":{"rendered":"<p>Butaca tapizada con patas de madera ligeramente inclinadas acabadas en color natural.<\/p>\n<p>Su dise\u00f1o sencillo hace de esta butaca\u00a0una pieza\u00a0auxiliar ideal en cualquier estancia del hogar.<\/p>\n<p>Encajar\u00e1 a la perfecci\u00f3n en ambientes con un estilo n\u00f3rdico.<\/p>\n","protected":false},"featured_media":2791,"comment_status":"open","ping_status":"closed","template":"","meta":[],"yoast_head":"<!-- This site is optimized with the Yoast SEO plugin v15.9.2 - https:\/\/yoast.com\/wordpress\/plugins\/seo\/ -->\n<title>Butaca BUENOS AIRES - Sue\u00f1Azul<\/title>\n<meta name=\"robots\" content=\"index, follow, max-snippet:-1, max-image-preview:large, max-video-preview:-1\" \/>\n<link rel=\"canonical\" href=\"https:\/\/sue\u00f1azul.com\/?product=butaca-buenos-aires\" \/>\n<meta property=\"og:locale\" content=\"es_ES\" \/>\n<meta property=\"og:type\" content=\"article\" \/>\n<meta property=\"og:title\" content=\"Butaca BUENOS AIRES - Sue\u00f1Azul\" \/>\n<meta property=\"og:description\" content=\"Butaca tapizada con patas de madera ligeramente inclinadas acabadas en color natural.  Su dise\u00f1o sencillo hace de esta butaca\u00a0una pieza\u00a0auxiliar ideal en cualquier estancia del hogar.  Encajar\u00e1 a la perfecci\u00f3n en ambientes con un estilo n\u00f3rdico.\" \/>\n<meta property=\"og:url\" content=\"https:\/\/sue\u00f1azul.com\/?product=butaca-buenos-aires\" \/>\n<meta property=\"og:site_name\" content=\"Sue\u00f1Azul\" \/>\n<meta property=\"article:modified_time\" content=\"2020-08-12T03:48:36+00:00\" \/>\n<meta property=\"og:image\" content=\"https:\/\/sue\u00f1azul.com\/wp-content\/uploads\/2020\/08\/sillon-buenos-aires-gris-dark.jpg\" \/>\n\t<meta property=\"og:image:width\" content=\"800\" \/>\n\t<meta property=\"og:image:height\" content=\"800\" \/>\n<meta name=\"twitter:card\" content=\"summary_large_image\" \/>\n<script type=\"application\/ld+json\" class=\"yoast-schema-graph\">{\"@context\":\"https:\/\/schema.org\",\"@graph\":[{\"@type\":\"WebSite\",\"@id\":\"https:\/\/sue\\u00f1azul.com\/#website\",\"url\":\"https:\/\/sue\\u00f1azul.com\/\",\"name\":\"Sue\\u00f1Azul\",\"description\":\"Somos una empresa especializada en la venta de art\\u00edculos de descanso, sof\\u00e1s y complementos para el hogar. Destacamos por ser una de las empresas l\\u00edder del sector del mobiliario descanso.\",\"potentialAction\":[{\"@type\":\"SearchAction\",\"target\":\"https:\/\/sue\\u00f1azul.com\/?s={search_term_string}\",\"query-input\":\"required name=search_term_string\"}],\"inLanguage\":\"es\"},{\"@type\":\"ImageObject\",\"@id\":\"https:\/\/sue\\u00f1azul.com\/?product=butaca-buenos-aires#primaryimage\",\"inLanguage\":\"es\",\"url\":\"https:\/\/sue\\u00f1azul.com\/wp-content\/uploads\/2020\/08\/sillon-buenos-aires-gris-dark.jpg\",\"width\":800,\"height\":800},{\"@type\":\"WebPage\",\"@id\":\"https:\/\/sue\\u00f1azul.com\/?product=butaca-buenos-aires#webpage\",\"url\":\"https:\/\/sue\\u00f1azul.com\/?product=butaca-buenos-aires\",\"name\":\"Butaca BUENOS AIRES - Sue\\u00f1Azul\",\"isPartOf\":{\"@id\":\"https:\/\/sue\\u00f1azul.com\/#website\"},\"primaryImageOfPage\":{\"@id\":\"https:\/\/sue\\u00f1azul.com\/?product=butaca-buenos-aires#primaryimage\"},\"datePublished\":\"2020-08-04T14:54:43+00:00\",\"dateModified\":\"2020-08-12T03:48:36+00:00\",\"breadcrumb\":{\"@id\":\"https:\/\/sue\\u00f1azul.com\/?product=butaca-buenos-aires#breadcrumb\"},\"inLanguage\":\"es\",\"potentialAction\":[{\"@type\":\"ReadAction\",\"target\":[\"https:\/\/sue\\u00f1azul.com\/?product=butaca-buenos-aires\"]}]},{\"@type\":\"BreadcrumbList\",\"@id\":\"https:\/\/sue\\u00f1azul.com\/?product=butaca-buenos-aires#breadcrumb\",\"itemListElement\":[{\"@type\":\"ListItem\",\"position\":1,\"item\":{\"@type\":\"WebPage\",\"@id\":\"https:\/\/sue\\u00f1azul.com\/\",\"url\":\"https:\/\/sue\\u00f1azul.com\/\",\"name\":\"Portada\"}},{\"@type\":\"ListItem\",\"position\":2,\"item\":{\"@type\":\"WebPage\",\"@id\":\"https:\/\/sue\\u00f1azul.com\/?page_id=264\",\"url\":\"https:\/\/sue\\u00f1azul.com\/?page_id=264\",\"name\":\"Tienda\"}},{\"@type\":\"ListItem\",\"position\":3,\"item\":{\"@type\":\"WebPage\",\"@id\":\"https:\/\/sue\\u00f1azul.com\/?product=butaca-buenos-aires\",\"url\":\"https:\/\/sue\\u00f1azul.com\/?product=butaca-buenos-aires\",\"name\":\"Butaca BUENOS AIRES\"}}]}]}<\/script>\n<!-- \/ Yoast SEO plugin. -->","_links":{"self":[{"href":"https:\/\/sue\u00f1azul.com\/index.php?rest_route=\/wp\/v2\/product\/2785"}],"collection":[{"href":"https:\/\/sue\u00f1azul.com\/index.php?rest_route=\/wp\/v2\/product"}],"about":[{"href":"https:\/\/sue\u00f1azul.com\/index.php?rest_route=\/wp\/v2\/types\/product"}],"replies":[{"embeddable":true,"href":"https:\/\/sue\u00f1azul.com\/index.php?rest_route=%2Fwp%2Fv2%2Fcomments&post=2785"}],"wp:featuredmedia":[{"embeddable":true,"href":"https:\/\/sue\u00f1azul.com\/index.php?rest_route=\/wp\/v2\/media\/2791"}],"wp:attachment":[{"href":"https:\/\/sue\u00f1azul.com\/index.php?rest_route=%2Fwp%2Fv2%2Fmedia&parent=2785"}],"curies":[{"name":"wp","href":"https:\/\/api.w.org\/{rel}","templated":true}]}}