{"id":2792,"date":"2020-08-04T15:03:13","date_gmt":"2020-08-04T15:03:13","guid":{"rendered":"https:\/\/sue\u00f1azul.com\/?post_type=product&#038;p=2792"},"modified":"2020-09-18T01:15:24","modified_gmt":"2020-09-18T01:15:24","slug":"butaca-kyoto","status":"publish","type":"product","link":"https:\/\/sue\u00f1azul.com\/?product=butaca-kyoto","title":{"rendered":"Butaca KYOTO"},"content":{"rendered":"<p>Butaca tapizada con patas ligeramente inclinadas en metal acabado en color negro mate.<\/p>\n<p>Su respaldo tiene un dise\u00f1o de rombos que le aporta originalidad al dise\u00f1o.<\/p>\n<p>Su est\u00e9tica moderna\u00a0hace de este sill\u00f3n una pieza\u00a0clave\u00a0para cualquier ambiente.<\/p>\n<table class=\"table-data-sheet\">\n<tbody>\n<tr class=\"odd\">\n<td>Medidas<\/td>\n<td>\u00a0 68 x 70 x 80 cm<\/td>\n<\/tr>\n<tr class=\"even\">\n<td>Altura asiento<\/td>\n<td>\u00a0 41 cm<\/td>\n<\/tr>\n<tr class=\"odd\">\n<td>Peso<\/td>\n<td>\u00a010 kg<\/td>\n<\/tr>\n<\/tbody>\n<\/table>\n","protected":false},"excerpt":{"rendered":"<p>Butaca tapizada con patas ligeramente inclinadas en metal acabado en color negro mate.<\/p>\n<p>Su respaldo tiene un dise\u00f1o de rombos que le aporta originalidad al dise\u00f1o.<\/p>\n<p>Su est\u00e9tica moderna\u00a0hace de este sill\u00f3n una pieza\u00a0clave\u00a0para cualquier ambiente.<\/p>\n","protected":false},"featured_media":2798,"comment_status":"open","ping_status":"closed","template":"","meta":[],"yoast_head":"<!-- This site is optimized with the Yoast SEO plugin v15.9.2 - https:\/\/yoast.com\/wordpress\/plugins\/seo\/ -->\n<title>Butaca KYOTO - Sue\u00f1Azul<\/title>\n<meta name=\"robots\" content=\"index, follow, max-snippet:-1, max-image-preview:large, max-video-preview:-1\" \/>\n<link rel=\"canonical\" href=\"https:\/\/sue\u00f1azul.com\/?product=butaca-kyoto\" \/>\n<meta property=\"og:locale\" content=\"es_ES\" \/>\n<meta property=\"og:type\" content=\"article\" \/>\n<meta property=\"og:title\" content=\"Butaca KYOTO - Sue\u00f1Azul\" \/>\n<meta property=\"og:description\" content=\"Butaca tapizada con patas ligeramente inclinadas en metal acabado en color negro mate.  Su respaldo tiene un dise\u00f1o de rombos que le aporta originalidad al dise\u00f1o.  Su est\u00e9tica moderna\u00a0hace de este sill\u00f3n una pieza\u00a0clave\u00a0para cualquier ambiente.\" \/>\n<meta property=\"og:url\" content=\"https:\/\/sue\u00f1azul.com\/?product=butaca-kyoto\" \/>\n<meta property=\"og:site_name\" content=\"Sue\u00f1Azul\" \/>\n<meta property=\"article:modified_time\" content=\"2020-09-18T01:15:24+00:00\" \/>\n<meta property=\"og:image\" content=\"https:\/\/sue\u00f1azul.com\/wp-content\/uploads\/2020\/08\/sillon-kyoto-beige.jpg\" \/>\n\t<meta property=\"og:image:width\" content=\"800\" \/>\n\t<meta property=\"og:image:height\" content=\"800\" \/>\n<meta name=\"twitter:card\" content=\"summary_large_image\" \/>\n<script type=\"application\/ld+json\" class=\"yoast-schema-graph\">{\"@context\":\"https:\/\/schema.org\",\"@graph\":[{\"@type\":\"WebSite\",\"@id\":\"https:\/\/sue\\u00f1azul.com\/#website\",\"url\":\"https:\/\/sue\\u00f1azul.com\/\",\"name\":\"Sue\\u00f1Azul\",\"description\":\"Somos una empresa especializada en la venta de art\\u00edculos de descanso, sof\\u00e1s y complementos para el hogar. Destacamos por ser una de las empresas l\\u00edder del sector del mobiliario descanso.\",\"potentialAction\":[{\"@type\":\"SearchAction\",\"target\":\"https:\/\/sue\\u00f1azul.com\/?s={search_term_string}\",\"query-input\":\"required name=search_term_string\"}],\"inLanguage\":\"es\"},{\"@type\":\"ImageObject\",\"@id\":\"https:\/\/sue\\u00f1azul.com\/?product=butaca-kyoto#primaryimage\",\"inLanguage\":\"es\",\"url\":\"https:\/\/sue\\u00f1azul.com\/wp-content\/uploads\/2020\/08\/sillon-kyoto-beige.jpg\",\"width\":800,\"height\":800},{\"@type\":\"WebPage\",\"@id\":\"https:\/\/sue\\u00f1azul.com\/?product=butaca-kyoto#webpage\",\"url\":\"https:\/\/sue\\u00f1azul.com\/?product=butaca-kyoto\",\"name\":\"Butaca KYOTO - Sue\\u00f1Azul\",\"isPartOf\":{\"@id\":\"https:\/\/sue\\u00f1azul.com\/#website\"},\"primaryImageOfPage\":{\"@id\":\"https:\/\/sue\\u00f1azul.com\/?product=butaca-kyoto#primaryimage\"},\"datePublished\":\"2020-08-04T15:03:13+00:00\",\"dateModified\":\"2020-09-18T01:15:24+00:00\",\"breadcrumb\":{\"@id\":\"https:\/\/sue\\u00f1azul.com\/?product=butaca-kyoto#breadcrumb\"},\"inLanguage\":\"es\",\"potentialAction\":[{\"@type\":\"ReadAction\",\"target\":[\"https:\/\/sue\\u00f1azul.com\/?product=butaca-kyoto\"]}]},{\"@type\":\"BreadcrumbList\",\"@id\":\"https:\/\/sue\\u00f1azul.com\/?product=butaca-kyoto#breadcrumb\",\"itemListElement\":[{\"@type\":\"ListItem\",\"position\":1,\"item\":{\"@type\":\"WebPage\",\"@id\":\"https:\/\/sue\\u00f1azul.com\/\",\"url\":\"https:\/\/sue\\u00f1azul.com\/\",\"name\":\"Portada\"}},{\"@type\":\"ListItem\",\"position\":2,\"item\":{\"@type\":\"WebPage\",\"@id\":\"https:\/\/sue\\u00f1azul.com\/?page_id=264\",\"url\":\"https:\/\/sue\\u00f1azul.com\/?page_id=264\",\"name\":\"Tienda\"}},{\"@type\":\"ListItem\",\"position\":3,\"item\":{\"@type\":\"WebPage\",\"@id\":\"https:\/\/sue\\u00f1azul.com\/?product=butaca-kyoto\",\"url\":\"https:\/\/sue\\u00f1azul.com\/?product=butaca-kyoto\",\"name\":\"Butaca KYOTO\"}}]}]}<\/script>\n<!-- \/ Yoast SEO plugin. -->","_links":{"self":[{"href":"https:\/\/sue\u00f1azul.com\/index.php?rest_route=\/wp\/v2\/product\/2792"}],"collection":[{"href":"https:\/\/sue\u00f1azul.com\/index.php?rest_route=\/wp\/v2\/product"}],"about":[{"href":"https:\/\/sue\u00f1azul.com\/index.php?rest_route=\/wp\/v2\/types\/product"}],"replies":[{"embeddable":true,"href":"https:\/\/sue\u00f1azul.com\/index.php?rest_route=%2Fwp%2Fv2%2Fcomments&post=2792"}],"wp:featuredmedia":[{"embeddable":true,"href":"https:\/\/sue\u00f1azul.com\/index.php?rest_route=\/wp\/v2\/media\/2798"}],"wp:attachment":[{"href":"https:\/\/sue\u00f1azul.com\/index.php?rest_route=%2Fwp%2Fv2%2Fmedia&parent=2792"}],"curies":[{"name":"wp","href":"https:\/\/api.w.org\/{rel}","templated":true}]}}