{"id":3266,"date":"2020-09-18T00:10:39","date_gmt":"2020-09-18T00:10:39","guid":{"rendered":"https:\/\/sue\u00f1azul.com\/?post_type=product&#038;p=3266"},"modified":"2020-09-18T00:10:39","modified_gmt":"2020-09-18T00:10:39","slug":"sofa-cama-madrid","status":"publish","type":"product","link":"https:\/\/sue\u00f1azul.com\/?product=sofa-cama-madrid","title":{"rendered":"Sof\u00e1 cama MADRID"},"content":{"rendered":"<p>Sof\u00e1 cama con f\u00e1cil apertura click clack tapizado con patas de madera en acabado en color negro y metal acabado dorado.<\/p>\n<p>Su dise\u00f1o es sencillo y elegante, con unos pespuntes decorativos en su asiento.<\/p>\n<p>La posici\u00f3n de cama tiene unas dimensiones de 181 x 110 cm.<\/p>\n<p>Este sof\u00e1 cama encajar\u00e1 en cualquier estancia del hogar.<\/p>\n<table class=\"table-data-sheet\">\n<tbody>\n<tr class=\"odd\">\n<td>Medidas<\/td>\n<td>\u00a0 181 x 83 x 82 cm<\/td>\n<\/tr>\n<tr class=\"even\">\n<td>Altura asiento<\/td>\n<td>\u00a0 39 cm<\/td>\n<\/tr>\n<tr class=\"odd\">\n<td>Medidas cama<\/td>\n<td>\u00a0 181 x 110 cm<\/td>\n<\/tr>\n<tr class=\"even\">\n<td>Peso<\/td>\n<td>\u00a0 28 kg<\/td>\n<\/tr>\n<\/tbody>\n<\/table>\n","protected":false},"excerpt":{"rendered":"<p>Sof\u00e1 cama con f\u00e1cil apertura click clack tapizado con patas de madera en acabado en color negro y metal acabado dorado.<\/p>\n<p>Su dise\u00f1o es sencillo y elegante, con unos pespuntes decorativos en su asiento.<\/p>\n<p>La posici\u00f3n de cama tiene unas dimensiones de 181 x 110 cm.<\/p>\n<p>Este sof\u00e1 cama encajar\u00e1 en cualquier estancia del hogar.<\/p>\n","protected":false},"featured_media":3294,"comment_status":"open","ping_status":"closed","template":"","meta":[],"yoast_head":"<!-- This site is optimized with the Yoast SEO plugin v15.9.2 - https:\/\/yoast.com\/wordpress\/plugins\/seo\/ -->\n<title>Sof\u00e1 cama MADRID - Sue\u00f1Azul<\/title>\n<meta name=\"robots\" content=\"index, follow, max-snippet:-1, max-image-preview:large, max-video-preview:-1\" \/>\n<link rel=\"canonical\" href=\"https:\/\/sue\u00f1azul.com\/?product=sofa-cama-madrid\" \/>\n<meta property=\"og:locale\" content=\"es_ES\" \/>\n<meta property=\"og:type\" content=\"article\" \/>\n<meta property=\"og:title\" content=\"Sof\u00e1 cama MADRID - Sue\u00f1Azul\" \/>\n<meta property=\"og:description\" content=\"Sof\u00e1 cama con f\u00e1cil apertura click clack tapizado con patas de madera en acabado en color negro y metal acabado dorado.  Su dise\u00f1o es sencillo y elegante, con unos pespuntes decorativos en su asiento.  La posici\u00f3n de cama tiene unas dimensiones de 181 x 110 cm.  Este sof\u00e1 cama encajar\u00e1 en cualquier estancia del hogar.\" \/>\n<meta property=\"og:url\" content=\"https:\/\/sue\u00f1azul.com\/?product=sofa-cama-madrid\" \/>\n<meta property=\"og:site_name\" content=\"Sue\u00f1Azul\" \/>\n<meta property=\"og:image\" content=\"https:\/\/sue\u00f1azul.com\/wp-content\/uploads\/2020\/09\/sofa-cama-madrid-rose.jpg\" \/>\n\t<meta property=\"og:image:width\" content=\"800\" \/>\n\t<meta property=\"og:image:height\" content=\"800\" \/>\n<meta name=\"twitter:card\" content=\"summary_large_image\" \/>\n<script type=\"application\/ld+json\" class=\"yoast-schema-graph\">{\"@context\":\"https:\/\/schema.org\",\"@graph\":[{\"@type\":\"WebSite\",\"@id\":\"https:\/\/sue\\u00f1azul.com\/#website\",\"url\":\"https:\/\/sue\\u00f1azul.com\/\",\"name\":\"Sue\\u00f1Azul\",\"description\":\"Somos una empresa especializada en la venta de art\\u00edculos de descanso, sof\\u00e1s y complementos para el hogar. Destacamos por ser una de las empresas l\\u00edder del sector del mobiliario descanso.\",\"potentialAction\":[{\"@type\":\"SearchAction\",\"target\":\"https:\/\/sue\\u00f1azul.com\/?s={search_term_string}\",\"query-input\":\"required name=search_term_string\"}],\"inLanguage\":\"es\"},{\"@type\":\"ImageObject\",\"@id\":\"https:\/\/sue\\u00f1azul.com\/?product=sofa-cama-madrid#primaryimage\",\"inLanguage\":\"es\",\"url\":\"https:\/\/sue\\u00f1azul.com\/wp-content\/uploads\/2020\/09\/sofa-cama-madrid-rose.jpg\",\"width\":800,\"height\":800},{\"@type\":\"WebPage\",\"@id\":\"https:\/\/sue\\u00f1azul.com\/?product=sofa-cama-madrid#webpage\",\"url\":\"https:\/\/sue\\u00f1azul.com\/?product=sofa-cama-madrid\",\"name\":\"Sof\\u00e1 cama MADRID - Sue\\u00f1Azul\",\"isPartOf\":{\"@id\":\"https:\/\/sue\\u00f1azul.com\/#website\"},\"primaryImageOfPage\":{\"@id\":\"https:\/\/sue\\u00f1azul.com\/?product=sofa-cama-madrid#primaryimage\"},\"datePublished\":\"2020-09-18T00:10:39+00:00\",\"dateModified\":\"2020-09-18T00:10:39+00:00\",\"breadcrumb\":{\"@id\":\"https:\/\/sue\\u00f1azul.com\/?product=sofa-cama-madrid#breadcrumb\"},\"inLanguage\":\"es\",\"potentialAction\":[{\"@type\":\"ReadAction\",\"target\":[\"https:\/\/sue\\u00f1azul.com\/?product=sofa-cama-madrid\"]}]},{\"@type\":\"BreadcrumbList\",\"@id\":\"https:\/\/sue\\u00f1azul.com\/?product=sofa-cama-madrid#breadcrumb\",\"itemListElement\":[{\"@type\":\"ListItem\",\"position\":1,\"item\":{\"@type\":\"WebPage\",\"@id\":\"https:\/\/sue\\u00f1azul.com\/\",\"url\":\"https:\/\/sue\\u00f1azul.com\/\",\"name\":\"Portada\"}},{\"@type\":\"ListItem\",\"position\":2,\"item\":{\"@type\":\"WebPage\",\"@id\":\"https:\/\/sue\\u00f1azul.com\/?page_id=264\",\"url\":\"https:\/\/sue\\u00f1azul.com\/?page_id=264\",\"name\":\"Tienda\"}},{\"@type\":\"ListItem\",\"position\":3,\"item\":{\"@type\":\"WebPage\",\"@id\":\"https:\/\/sue\\u00f1azul.com\/?product=sofa-cama-madrid\",\"url\":\"https:\/\/sue\\u00f1azul.com\/?product=sofa-cama-madrid\",\"name\":\"Sof\\u00e1 cama MADRID\"}}]}]}<\/script>\n<!-- \/ Yoast SEO plugin. -->","_links":{"self":[{"href":"https:\/\/sue\u00f1azul.com\/index.php?rest_route=\/wp\/v2\/product\/3266"}],"collection":[{"href":"https:\/\/sue\u00f1azul.com\/index.php?rest_route=\/wp\/v2\/product"}],"about":[{"href":"https:\/\/sue\u00f1azul.com\/index.php?rest_route=\/wp\/v2\/types\/product"}],"replies":[{"embeddable":true,"href":"https:\/\/sue\u00f1azul.com\/index.php?rest_route=%2Fwp%2Fv2%2Fcomments&post=3266"}],"wp:featuredmedia":[{"embeddable":true,"href":"https:\/\/sue\u00f1azul.com\/index.php?rest_route=\/wp\/v2\/media\/3294"}],"wp:attachment":[{"href":"https:\/\/sue\u00f1azul.com\/index.php?rest_route=%2Fwp%2Fv2%2Fmedia&parent=3266"}],"curies":[{"name":"wp","href":"https:\/\/api.w.org\/{rel}","templated":true}]}}