{"id":423,"date":"2020-06-22T04:38:28","date_gmt":"2020-06-22T04:38:28","guid":{"rendered":"https:\/\/sue\u00f1azul.com\/?post_type=product&#038;p=423"},"modified":"2020-06-22T04:38:28","modified_gmt":"2020-06-22T04:38:28","slug":"chester-1-bufalo-marron","status":"publish","type":"product","link":"https:\/\/sue\u00f1azul.com\/?product=chester-1-bufalo-marron","title":{"rendered":"Chester 1 Bufalo Marron"},"content":{"rendered":"","protected":false},"excerpt":{"rendered":"<p>Sill\u00f3n tapizado en tela simil piel vuelta B\u00fafalo color MARR\u00d3N. Estructura<br \/>\ny patas de madera maciza. Cojines del asiento con muelle ensacado<br \/>\ny relleno de fibra de alta calidad y alta densidad.Disponible tambi\u00e9n<br \/>\nen 3 Pzs (Foto en 3 Pzs) .<\/p>\n","protected":false},"featured_media":424,"comment_status":"open","ping_status":"closed","template":"","meta":[],"yoast_head":"<!-- This site is optimized with the Yoast SEO plugin v15.9.2 - https:\/\/yoast.com\/wordpress\/plugins\/seo\/ -->\n<title>Chester 1 Bufalo Marron - Sue\u00f1Azul<\/title>\n<meta name=\"robots\" content=\"index, follow, max-snippet:-1, max-image-preview:large, max-video-preview:-1\" \/>\n<link rel=\"canonical\" href=\"https:\/\/sue\u00f1azul.com\/?product=chester-1-bufalo-marron\" \/>\n<meta property=\"og:locale\" content=\"es_ES\" \/>\n<meta property=\"og:type\" content=\"article\" \/>\n<meta property=\"og:title\" content=\"Chester 1 Bufalo Marron - Sue\u00f1Azul\" \/>\n<meta property=\"og:description\" content=\"Sill\u00f3n tapizado en tela simil piel vuelta B\u00fafalo color MARR\u00d3N. Estructura y patas de madera maciza. Cojines del asiento con muelle ensacado y relleno de fibra de alta calidad y alta densidad.Disponible tambi\u00e9n en 3 Pzs (Foto en 3 Pzs) .\" \/>\n<meta property=\"og:url\" content=\"https:\/\/sue\u00f1azul.com\/?product=chester-1-bufalo-marron\" \/>\n<meta property=\"og:site_name\" content=\"Sue\u00f1Azul\" \/>\n<meta property=\"og:image\" content=\"https:\/\/sue\u00f1azul.com\/wp-content\/uploads\/2020\/06\/CHESTER_INCRUSTACION_2018-scaled.jpg\" \/>\n\t<meta property=\"og:image:width\" content=\"2560\" \/>\n\t<meta property=\"og:image:height\" content=\"1461\" \/>\n<meta name=\"twitter:card\" content=\"summary_large_image\" \/>\n<script type=\"application\/ld+json\" class=\"yoast-schema-graph\">{\"@context\":\"https:\/\/schema.org\",\"@graph\":[{\"@type\":\"WebSite\",\"@id\":\"https:\/\/sue\\u00f1azul.com\/#website\",\"url\":\"https:\/\/sue\\u00f1azul.com\/\",\"name\":\"Sue\\u00f1Azul\",\"description\":\"Somos una empresa especializada en la venta de art\\u00edculos de descanso, sof\\u00e1s y complementos para el hogar. Destacamos por ser una de las empresas l\\u00edder del sector del mobiliario descanso.\",\"potentialAction\":[{\"@type\":\"SearchAction\",\"target\":\"https:\/\/sue\\u00f1azul.com\/?s={search_term_string}\",\"query-input\":\"required name=search_term_string\"}],\"inLanguage\":\"es\"},{\"@type\":\"ImageObject\",\"@id\":\"https:\/\/sue\\u00f1azul.com\/?product=chester-1-bufalo-marron#primaryimage\",\"inLanguage\":\"es\",\"url\":\"https:\/\/sue\\u00f1azul.com\/wp-content\/uploads\/2020\/06\/CHESTER_INCRUSTACION_2018-scaled.jpg\",\"width\":2560,\"height\":1461},{\"@type\":\"WebPage\",\"@id\":\"https:\/\/sue\\u00f1azul.com\/?product=chester-1-bufalo-marron#webpage\",\"url\":\"https:\/\/sue\\u00f1azul.com\/?product=chester-1-bufalo-marron\",\"name\":\"Chester 1 Bufalo Marron - Sue\\u00f1Azul\",\"isPartOf\":{\"@id\":\"https:\/\/sue\\u00f1azul.com\/#website\"},\"primaryImageOfPage\":{\"@id\":\"https:\/\/sue\\u00f1azul.com\/?product=chester-1-bufalo-marron#primaryimage\"},\"datePublished\":\"2020-06-22T04:38:28+00:00\",\"dateModified\":\"2020-06-22T04:38:28+00:00\",\"breadcrumb\":{\"@id\":\"https:\/\/sue\\u00f1azul.com\/?product=chester-1-bufalo-marron#breadcrumb\"},\"inLanguage\":\"es\",\"potentialAction\":[{\"@type\":\"ReadAction\",\"target\":[\"https:\/\/sue\\u00f1azul.com\/?product=chester-1-bufalo-marron\"]}]},{\"@type\":\"BreadcrumbList\",\"@id\":\"https:\/\/sue\\u00f1azul.com\/?product=chester-1-bufalo-marron#breadcrumb\",\"itemListElement\":[{\"@type\":\"ListItem\",\"position\":1,\"item\":{\"@type\":\"WebPage\",\"@id\":\"https:\/\/sue\\u00f1azul.com\/\",\"url\":\"https:\/\/sue\\u00f1azul.com\/\",\"name\":\"Portada\"}},{\"@type\":\"ListItem\",\"position\":2,\"item\":{\"@type\":\"WebPage\",\"@id\":\"https:\/\/sue\\u00f1azul.com\/?page_id=264\",\"url\":\"https:\/\/sue\\u00f1azul.com\/?page_id=264\",\"name\":\"Tienda\"}},{\"@type\":\"ListItem\",\"position\":3,\"item\":{\"@type\":\"WebPage\",\"@id\":\"https:\/\/sue\\u00f1azul.com\/?product=chester-1-bufalo-marron\",\"url\":\"https:\/\/sue\\u00f1azul.com\/?product=chester-1-bufalo-marron\",\"name\":\"Chester 1 Bufalo Marron\"}}]}]}<\/script>\n<!-- \/ Yoast SEO plugin. -->","_links":{"self":[{"href":"https:\/\/sue\u00f1azul.com\/index.php?rest_route=\/wp\/v2\/product\/423"}],"collection":[{"href":"https:\/\/sue\u00f1azul.com\/index.php?rest_route=\/wp\/v2\/product"}],"about":[{"href":"https:\/\/sue\u00f1azul.com\/index.php?rest_route=\/wp\/v2\/types\/product"}],"replies":[{"embeddable":true,"href":"https:\/\/sue\u00f1azul.com\/index.php?rest_route=%2Fwp%2Fv2%2Fcomments&post=423"}],"wp:featuredmedia":[{"embeddable":true,"href":"https:\/\/sue\u00f1azul.com\/index.php?rest_route=\/wp\/v2\/media\/424"}],"wp:attachment":[{"href":"https:\/\/sue\u00f1azul.com\/index.php?rest_route=%2Fwp%2Fv2%2Fmedia&parent=423"}],"curies":[{"name":"wp","href":"https:\/\/api.w.org\/{rel}","templated":true}]}}