{"id":585,"date":"2020-06-24T07:12:45","date_gmt":"2020-06-24T07:12:45","guid":{"rendered":"https:\/\/sue\u00f1azul.com\/?post_type=product&#038;p=585"},"modified":"2020-06-24T07:12:46","modified_gmt":"2020-06-24T07:12:46","slug":"kansas-monet-hamster","status":"publish","type":"product","link":"https:\/\/sue\u00f1azul.com\/?product=kansas-monet-hamster","title":{"rendered":"Kansas Monet Hamster"},"content":{"rendered":"","protected":false},"excerpt":{"rendered":"<p>Sof\u00e1 chaiselonge con Armaz\u00f3n de pino gallego y costados de tablero<br \/>\nde part\u00edculas, bastidor con mecanismo deslizante con muelles zig-zag<br \/>\ny respaldos de goma espuma picada.<br \/>\nLos asientos son de goma espuma<br \/>\nD-25 kg recubiertos de fibra. Mecanismo reclinable de carraca. Incluye<br \/>\ndos pufs en el brazo del sof\u00e1 y arc\u00f3n en el m\u00f3dulo chaise-longue.<\/p>\n<p>265x 100 x 145 cm.<\/p>\n","protected":false},"featured_media":586,"comment_status":"open","ping_status":"closed","template":"","meta":[],"yoast_head":"<!-- This site is optimized with the Yoast SEO plugin v15.9.2 - https:\/\/yoast.com\/wordpress\/plugins\/seo\/ -->\n<title>Kansas Monet Hamster - Sue\u00f1Azul<\/title>\n<meta name=\"robots\" content=\"index, follow, max-snippet:-1, max-image-preview:large, max-video-preview:-1\" \/>\n<link rel=\"canonical\" href=\"https:\/\/sue\u00f1azul.com\/?product=kansas-monet-hamster\" \/>\n<meta property=\"og:locale\" content=\"es_ES\" \/>\n<meta property=\"og:type\" content=\"article\" \/>\n<meta property=\"og:title\" content=\"Kansas Monet Hamster - Sue\u00f1Azul\" \/>\n<meta property=\"og:description\" content=\"Sof\u00e1 chaiselonge con Armaz\u00f3n de pino gallego y costados de tablero de part\u00edculas, bastidor con mecanismo deslizante con muelles zig-zag y respaldos de goma espuma picada. Los asientos son de goma espuma D-25 kg recubiertos de fibra. Mecanismo reclinable de carraca. Incluye dos pufs en el brazo del sof\u00e1 y arc\u00f3n en el m\u00f3dulo chaise-longue.  265x 100 x 145 cm.\" \/>\n<meta property=\"og:url\" content=\"https:\/\/sue\u00f1azul.com\/?product=kansas-monet-hamster\" \/>\n<meta property=\"og:site_name\" content=\"Sue\u00f1Azul\" \/>\n<meta property=\"article:modified_time\" content=\"2020-06-24T07:12:46+00:00\" \/>\n<meta property=\"og:image\" content=\"https:\/\/sue\u00f1azul.com\/wp-content\/uploads\/2020\/06\/KANSAS-scaled.jpg\" \/>\n\t<meta property=\"og:image:width\" content=\"2560\" \/>\n\t<meta property=\"og:image:height\" content=\"1461\" \/>\n<meta name=\"twitter:card\" content=\"summary_large_image\" \/>\n<script type=\"application\/ld+json\" class=\"yoast-schema-graph\">{\"@context\":\"https:\/\/schema.org\",\"@graph\":[{\"@type\":\"WebSite\",\"@id\":\"https:\/\/sue\\u00f1azul.com\/#website\",\"url\":\"https:\/\/sue\\u00f1azul.com\/\",\"name\":\"Sue\\u00f1Azul\",\"description\":\"Somos una empresa especializada en la venta de art\\u00edculos de descanso, sof\\u00e1s y complementos para el hogar. Destacamos por ser una de las empresas l\\u00edder del sector del mobiliario descanso.\",\"potentialAction\":[{\"@type\":\"SearchAction\",\"target\":\"https:\/\/sue\\u00f1azul.com\/?s={search_term_string}\",\"query-input\":\"required name=search_term_string\"}],\"inLanguage\":\"es\"},{\"@type\":\"ImageObject\",\"@id\":\"https:\/\/sue\\u00f1azul.com\/?product=kansas-monet-hamster#primaryimage\",\"inLanguage\":\"es\",\"url\":\"https:\/\/sue\\u00f1azul.com\/wp-content\/uploads\/2020\/06\/KANSAS-scaled.jpg\",\"width\":2560,\"height\":1461},{\"@type\":\"WebPage\",\"@id\":\"https:\/\/sue\\u00f1azul.com\/?product=kansas-monet-hamster#webpage\",\"url\":\"https:\/\/sue\\u00f1azul.com\/?product=kansas-monet-hamster\",\"name\":\"Kansas Monet Hamster - Sue\\u00f1Azul\",\"isPartOf\":{\"@id\":\"https:\/\/sue\\u00f1azul.com\/#website\"},\"primaryImageOfPage\":{\"@id\":\"https:\/\/sue\\u00f1azul.com\/?product=kansas-monet-hamster#primaryimage\"},\"datePublished\":\"2020-06-24T07:12:45+00:00\",\"dateModified\":\"2020-06-24T07:12:46+00:00\",\"breadcrumb\":{\"@id\":\"https:\/\/sue\\u00f1azul.com\/?product=kansas-monet-hamster#breadcrumb\"},\"inLanguage\":\"es\",\"potentialAction\":[{\"@type\":\"ReadAction\",\"target\":[\"https:\/\/sue\\u00f1azul.com\/?product=kansas-monet-hamster\"]}]},{\"@type\":\"BreadcrumbList\",\"@id\":\"https:\/\/sue\\u00f1azul.com\/?product=kansas-monet-hamster#breadcrumb\",\"itemListElement\":[{\"@type\":\"ListItem\",\"position\":1,\"item\":{\"@type\":\"WebPage\",\"@id\":\"https:\/\/sue\\u00f1azul.com\/\",\"url\":\"https:\/\/sue\\u00f1azul.com\/\",\"name\":\"Portada\"}},{\"@type\":\"ListItem\",\"position\":2,\"item\":{\"@type\":\"WebPage\",\"@id\":\"https:\/\/sue\\u00f1azul.com\/?page_id=264\",\"url\":\"https:\/\/sue\\u00f1azul.com\/?page_id=264\",\"name\":\"Tienda\"}},{\"@type\":\"ListItem\",\"position\":3,\"item\":{\"@type\":\"WebPage\",\"@id\":\"https:\/\/sue\\u00f1azul.com\/?product=kansas-monet-hamster\",\"url\":\"https:\/\/sue\\u00f1azul.com\/?product=kansas-monet-hamster\",\"name\":\"Kansas Monet Hamster\"}}]}]}<\/script>\n<!-- \/ Yoast SEO plugin. -->","_links":{"self":[{"href":"https:\/\/sue\u00f1azul.com\/index.php?rest_route=\/wp\/v2\/product\/585"}],"collection":[{"href":"https:\/\/sue\u00f1azul.com\/index.php?rest_route=\/wp\/v2\/product"}],"about":[{"href":"https:\/\/sue\u00f1azul.com\/index.php?rest_route=\/wp\/v2\/types\/product"}],"replies":[{"embeddable":true,"href":"https:\/\/sue\u00f1azul.com\/index.php?rest_route=%2Fwp%2Fv2%2Fcomments&post=585"}],"wp:featuredmedia":[{"embeddable":true,"href":"https:\/\/sue\u00f1azul.com\/index.php?rest_route=\/wp\/v2\/media\/586"}],"wp:attachment":[{"href":"https:\/\/sue\u00f1azul.com\/index.php?rest_route=%2Fwp%2Fv2%2Fmedia&parent=585"}],"curies":[{"name":"wp","href":"https:\/\/api.w.org\/{rel}","templated":true}]}}