{"id":7122,"date":"2020-11-07T16:47:54","date_gmt":"2020-11-07T16:47:54","guid":{"rendered":"https:\/\/sue\u00f1azul.com\/?post_type=product&#038;p=7122"},"modified":"2020-11-07T18:39:57","modified_gmt":"2020-11-07T18:39:57","slug":"cabecero-venus","status":"publish","type":"product","link":"https:\/\/sue\u00f1azul.com\/?product=cabecero-venus","title":{"rendered":"Cabecero VENUS"},"content":{"rendered":"<p>Se fabrica a medida.<\/p>\n<p>Opciones de tapizado:<br \/>\n&#8211; Polipiel<br \/>\n&#8211; Tejido tela antimanchas aqualine<br \/>\n&#8211; Terciopelo<\/p>\n<p>El cabecero Venus es un modelo moderno y elegante. Este modelo es ideal para poner la firma a la decoraci\u00f3n de la habitaci\u00f3n con un tapizado lineal y ajustado a las \u00faltimas tendencias.<\/p>\n","protected":false},"excerpt":{"rendered":"<p>Se fabrica a medida.<\/p>\n<p>Opciones de tapizado:<br \/>\n&#8211; Polipiel<br \/>\n&#8211; Tejido tela antimanchas aqualine<br \/>\n&#8211; Terciopelo<\/p>\n<h3><strong>Consultar precio seg\u00fan medida<\/strong><\/h3>\n<p>El cabecero Venus es un modelo moderno y elegante. Este modelo es ideal para poner la firma a la decoraci\u00f3n de la habitaci\u00f3n con un tapizado lineal y ajustado a las \u00faltimas tendencias.<\/p>\n","protected":false},"featured_media":7127,"comment_status":"open","ping_status":"closed","template":"","meta":[],"yoast_head":"<!-- This site is optimized with the Yoast SEO plugin v15.9.2 - https:\/\/yoast.com\/wordpress\/plugins\/seo\/ -->\n<title>Cabecero VENUS - Sue\u00f1Azul<\/title>\n<meta name=\"robots\" content=\"index, follow, max-snippet:-1, max-image-preview:large, max-video-preview:-1\" \/>\n<link rel=\"canonical\" href=\"https:\/\/sue\u00f1azul.com\/?product=cabecero-venus\" \/>\n<meta property=\"og:locale\" content=\"es_ES\" \/>\n<meta property=\"og:type\" content=\"article\" \/>\n<meta property=\"og:title\" content=\"Cabecero VENUS - Sue\u00f1Azul\" \/>\n<meta property=\"og:description\" content=\"Se fabrica a medida.  Opciones de tapizado: - Polipiel - Tejido tela antimanchas aqualine - Terciopelo Consultar precio seg\u00fan medida El cabecero Venus es un modelo moderno y elegante. Este modelo es ideal para poner la firma a la decoraci\u00f3n de la habitaci\u00f3n con un tapizado lineal y ajustado a las \u00faltimas tendencias.\" \/>\n<meta property=\"og:url\" content=\"https:\/\/sue\u00f1azul.com\/?product=cabecero-venus\" \/>\n<meta property=\"og:site_name\" content=\"Sue\u00f1Azul\" \/>\n<meta property=\"article:modified_time\" content=\"2020-11-07T18:39:57+00:00\" \/>\n<meta property=\"og:image\" content=\"https:\/\/sue\u00f1azul.com\/wp-content\/uploads\/2020\/11\/5.jpg\" \/>\n\t<meta property=\"og:image:width\" content=\"828\" \/>\n\t<meta property=\"og:image:height\" content=\"511\" \/>\n<meta name=\"twitter:card\" content=\"summary_large_image\" \/>\n<script type=\"application\/ld+json\" class=\"yoast-schema-graph\">{\"@context\":\"https:\/\/schema.org\",\"@graph\":[{\"@type\":\"WebSite\",\"@id\":\"https:\/\/sue\\u00f1azul.com\/#website\",\"url\":\"https:\/\/sue\\u00f1azul.com\/\",\"name\":\"Sue\\u00f1Azul\",\"description\":\"Somos una empresa especializada en la venta de art\\u00edculos de descanso, sof\\u00e1s y complementos para el hogar. Destacamos por ser una de las empresas l\\u00edder del sector del mobiliario descanso.\",\"potentialAction\":[{\"@type\":\"SearchAction\",\"target\":\"https:\/\/sue\\u00f1azul.com\/?s={search_term_string}\",\"query-input\":\"required name=search_term_string\"}],\"inLanguage\":\"es\"},{\"@type\":\"ImageObject\",\"@id\":\"https:\/\/sue\\u00f1azul.com\/?product=cabecero-venus#primaryimage\",\"inLanguage\":\"es\",\"url\":\"https:\/\/sue\\u00f1azul.com\/wp-content\/uploads\/2020\/11\/5.jpg\",\"width\":828,\"height\":511},{\"@type\":\"WebPage\",\"@id\":\"https:\/\/sue\\u00f1azul.com\/?product=cabecero-venus#webpage\",\"url\":\"https:\/\/sue\\u00f1azul.com\/?product=cabecero-venus\",\"name\":\"Cabecero VENUS - Sue\\u00f1Azul\",\"isPartOf\":{\"@id\":\"https:\/\/sue\\u00f1azul.com\/#website\"},\"primaryImageOfPage\":{\"@id\":\"https:\/\/sue\\u00f1azul.com\/?product=cabecero-venus#primaryimage\"},\"datePublished\":\"2020-11-07T16:47:54+00:00\",\"dateModified\":\"2020-11-07T18:39:57+00:00\",\"breadcrumb\":{\"@id\":\"https:\/\/sue\\u00f1azul.com\/?product=cabecero-venus#breadcrumb\"},\"inLanguage\":\"es\",\"potentialAction\":[{\"@type\":\"ReadAction\",\"target\":[\"https:\/\/sue\\u00f1azul.com\/?product=cabecero-venus\"]}]},{\"@type\":\"BreadcrumbList\",\"@id\":\"https:\/\/sue\\u00f1azul.com\/?product=cabecero-venus#breadcrumb\",\"itemListElement\":[{\"@type\":\"ListItem\",\"position\":1,\"item\":{\"@type\":\"WebPage\",\"@id\":\"https:\/\/sue\\u00f1azul.com\/\",\"url\":\"https:\/\/sue\\u00f1azul.com\/\",\"name\":\"Portada\"}},{\"@type\":\"ListItem\",\"position\":2,\"item\":{\"@type\":\"WebPage\",\"@id\":\"https:\/\/sue\\u00f1azul.com\/?page_id=264\",\"url\":\"https:\/\/sue\\u00f1azul.com\/?page_id=264\",\"name\":\"Tienda\"}},{\"@type\":\"ListItem\",\"position\":3,\"item\":{\"@type\":\"WebPage\",\"@id\":\"https:\/\/sue\\u00f1azul.com\/?product=cabecero-venus\",\"url\":\"https:\/\/sue\\u00f1azul.com\/?product=cabecero-venus\",\"name\":\"Cabecero VENUS\"}}]}]}<\/script>\n<!-- \/ Yoast SEO plugin. -->","_links":{"self":[{"href":"https:\/\/sue\u00f1azul.com\/index.php?rest_route=\/wp\/v2\/product\/7122"}],"collection":[{"href":"https:\/\/sue\u00f1azul.com\/index.php?rest_route=\/wp\/v2\/product"}],"about":[{"href":"https:\/\/sue\u00f1azul.com\/index.php?rest_route=\/wp\/v2\/types\/product"}],"replies":[{"embeddable":true,"href":"https:\/\/sue\u00f1azul.com\/index.php?rest_route=%2Fwp%2Fv2%2Fcomments&post=7122"}],"wp:featuredmedia":[{"embeddable":true,"href":"https:\/\/sue\u00f1azul.com\/index.php?rest_route=\/wp\/v2\/media\/7127"}],"wp:attachment":[{"href":"https:\/\/sue\u00f1azul.com\/index.php?rest_route=%2Fwp%2Fv2%2Fmedia&parent=7122"}],"curies":[{"name":"wp","href":"https:\/\/api.w.org\/{rel}","templated":true}]}}