{"id":7288,"date":"2020-11-07T20:47:58","date_gmt":"2020-11-07T20:47:58","guid":{"rendered":"https:\/\/sue\u00f1azul.com\/?post_type=product&#038;p=7288"},"modified":"2020-11-07T20:57:50","modified_gmt":"2020-11-07T20:57:50","slug":"cabecero-alaska","status":"publish","type":"product","link":"https:\/\/sue\u00f1azul.com\/?product=cabecero-alaska","title":{"rendered":"Cabecero ALASKA"},"content":{"rendered":"<p>Se fabrica a medida.<\/p>\n<p>Opciones de tapizado:<br \/>\n&#8211; Polipiel<br \/>\n&#8211; Tejido tela antimanchas aqualine<br \/>\n&#8211; Terciopelo<br \/>\n&#8211; Tejido Loneta r\u00fastica<\/p>\n<p>El cabecero Alaska es un modelo elegante y acogedor con estilo propio. Su moderno dise\u00f1o ayuda a generar un ambiente personal y relajante en la habitaci\u00f3n. Su tapizado loneta r\u00fastica logra una textura agradable y c\u00e1lida que se adapta a la perfecci\u00f3n a una decoraci\u00f3n personalizada y ayuda a poner el broche perfecto en su hogar.<\/p>\n","protected":false},"excerpt":{"rendered":"<p>Se fabrica a medida.<\/p>\n<p>Opciones de tapizado:<br \/>\n&#8211; Polipiel<br \/>\n&#8211; Tejido tela antimanchas aqualine<br \/>\n&#8211; Terciopelo<br \/>\n&#8211; Tejido Loneta r\u00fastica<\/p>\n<h3><strong>Consultar precio seg\u00fan medida<\/strong><\/h3>\n<p>El cabecero Alaska es un modelo elegante y acogedor con estilo propio. Su moderno dise\u00f1o ayuda a generar un ambiente personal y relajante en la habitaci\u00f3n. Su tapizado loneta r\u00fastica logra una textura agradable y c\u00e1lida que se adapta a la perfecci\u00f3n a una decoraci\u00f3n personalizada y ayuda a poner el broche perfecto en su hogar.<\/p>\n","protected":false},"featured_media":7289,"comment_status":"open","ping_status":"closed","template":"","meta":[],"yoast_head":"<!-- This site is optimized with the Yoast SEO plugin v15.9.2 - https:\/\/yoast.com\/wordpress\/plugins\/seo\/ -->\n<title>Cabecero ALASKA - Sue\u00f1Azul<\/title>\n<meta name=\"robots\" content=\"index, follow, max-snippet:-1, max-image-preview:large, max-video-preview:-1\" \/>\n<link rel=\"canonical\" href=\"https:\/\/sue\u00f1azul.com\/?product=cabecero-alaska\" \/>\n<meta property=\"og:locale\" content=\"es_ES\" \/>\n<meta property=\"og:type\" content=\"article\" \/>\n<meta property=\"og:title\" content=\"Cabecero ALASKA - Sue\u00f1Azul\" \/>\n<meta property=\"og:description\" content=\"Se fabrica a medida.  Opciones de tapizado: - Polipiel - Tejido tela antimanchas aqualine - Terciopelo - Tejido Loneta r\u00fastica Consultar precio seg\u00fan medida El cabecero Alaska es un modelo elegante y acogedor con estilo propio. Su moderno dise\u00f1o ayuda a generar un ambiente personal y relajante en la habitaci\u00f3n. Su tapizado loneta r\u00fastica logra una textura agradable y c\u00e1lida que se adapta a la perfecci\u00f3n a una decoraci\u00f3n personalizada y ayuda a poner el broche perfecto en su hogar.\" \/>\n<meta property=\"og:url\" content=\"https:\/\/sue\u00f1azul.com\/?product=cabecero-alaska\" \/>\n<meta property=\"og:site_name\" content=\"Sue\u00f1Azul\" \/>\n<meta property=\"article:modified_time\" content=\"2020-11-07T20:57:50+00:00\" \/>\n<meta property=\"og:image\" content=\"https:\/\/sue\u00f1azul.com\/wp-content\/uploads\/2020\/11\/0ca0d976-51d4-4cf0-a250-b23449d000ae-e1604782654897.jpg\" \/>\n\t<meta property=\"og:image:width\" content=\"619\" \/>\n\t<meta property=\"og:image:height\" content=\"588\" \/>\n<meta name=\"twitter:card\" content=\"summary_large_image\" \/>\n<script type=\"application\/ld+json\" class=\"yoast-schema-graph\">{\"@context\":\"https:\/\/schema.org\",\"@graph\":[{\"@type\":\"WebSite\",\"@id\":\"https:\/\/sue\\u00f1azul.com\/#website\",\"url\":\"https:\/\/sue\\u00f1azul.com\/\",\"name\":\"Sue\\u00f1Azul\",\"description\":\"Somos una empresa especializada en la venta de art\\u00edculos de descanso, sof\\u00e1s y complementos para el hogar. Destacamos por ser una de las empresas l\\u00edder del sector del mobiliario descanso.\",\"potentialAction\":[{\"@type\":\"SearchAction\",\"target\":\"https:\/\/sue\\u00f1azul.com\/?s={search_term_string}\",\"query-input\":\"required name=search_term_string\"}],\"inLanguage\":\"es\"},{\"@type\":\"ImageObject\",\"@id\":\"https:\/\/sue\\u00f1azul.com\/?product=cabecero-alaska#primaryimage\",\"inLanguage\":\"es\",\"url\":\"https:\/\/sue\\u00f1azul.com\/wp-content\/uploads\/2020\/11\/0ca0d976-51d4-4cf0-a250-b23449d000ae-e1604782654897.jpg\",\"width\":619,\"height\":588},{\"@type\":\"WebPage\",\"@id\":\"https:\/\/sue\\u00f1azul.com\/?product=cabecero-alaska#webpage\",\"url\":\"https:\/\/sue\\u00f1azul.com\/?product=cabecero-alaska\",\"name\":\"Cabecero ALASKA - Sue\\u00f1Azul\",\"isPartOf\":{\"@id\":\"https:\/\/sue\\u00f1azul.com\/#website\"},\"primaryImageOfPage\":{\"@id\":\"https:\/\/sue\\u00f1azul.com\/?product=cabecero-alaska#primaryimage\"},\"datePublished\":\"2020-11-07T20:47:58+00:00\",\"dateModified\":\"2020-11-07T20:57:50+00:00\",\"breadcrumb\":{\"@id\":\"https:\/\/sue\\u00f1azul.com\/?product=cabecero-alaska#breadcrumb\"},\"inLanguage\":\"es\",\"potentialAction\":[{\"@type\":\"ReadAction\",\"target\":[\"https:\/\/sue\\u00f1azul.com\/?product=cabecero-alaska\"]}]},{\"@type\":\"BreadcrumbList\",\"@id\":\"https:\/\/sue\\u00f1azul.com\/?product=cabecero-alaska#breadcrumb\",\"itemListElement\":[{\"@type\":\"ListItem\",\"position\":1,\"item\":{\"@type\":\"WebPage\",\"@id\":\"https:\/\/sue\\u00f1azul.com\/\",\"url\":\"https:\/\/sue\\u00f1azul.com\/\",\"name\":\"Portada\"}},{\"@type\":\"ListItem\",\"position\":2,\"item\":{\"@type\":\"WebPage\",\"@id\":\"https:\/\/sue\\u00f1azul.com\/?page_id=264\",\"url\":\"https:\/\/sue\\u00f1azul.com\/?page_id=264\",\"name\":\"Tienda\"}},{\"@type\":\"ListItem\",\"position\":3,\"item\":{\"@type\":\"WebPage\",\"@id\":\"https:\/\/sue\\u00f1azul.com\/?product=cabecero-alaska\",\"url\":\"https:\/\/sue\\u00f1azul.com\/?product=cabecero-alaska\",\"name\":\"Cabecero ALASKA\"}}]}]}<\/script>\n<!-- \/ Yoast SEO plugin. -->","_links":{"self":[{"href":"https:\/\/sue\u00f1azul.com\/index.php?rest_route=\/wp\/v2\/product\/7288"}],"collection":[{"href":"https:\/\/sue\u00f1azul.com\/index.php?rest_route=\/wp\/v2\/product"}],"about":[{"href":"https:\/\/sue\u00f1azul.com\/index.php?rest_route=\/wp\/v2\/types\/product"}],"replies":[{"embeddable":true,"href":"https:\/\/sue\u00f1azul.com\/index.php?rest_route=%2Fwp%2Fv2%2Fcomments&post=7288"}],"wp:featuredmedia":[{"embeddable":true,"href":"https:\/\/sue\u00f1azul.com\/index.php?rest_route=\/wp\/v2\/media\/7289"}],"wp:attachment":[{"href":"https:\/\/sue\u00f1azul.com\/index.php?rest_route=%2Fwp%2Fv2%2Fmedia&parent=7288"}],"curies":[{"name":"wp","href":"https:\/\/api.w.org\/{rel}","templated":true}]}}