{"id":8341,"date":"2020-11-13T23:46:33","date_gmt":"2020-11-13T23:46:33","guid":{"rendered":"https:\/\/sue\u00f1azul.com\/?post_type=product&#038;p=8341"},"modified":"2020-11-13T23:48:35","modified_gmt":"2020-11-13T23:48:35","slug":"sillon-giratorio-gaming-simil-piel-negro-azul","status":"publish","type":"product","link":"https:\/\/sue\u00f1azul.com\/?product=sillon-giratorio-gaming-simil-piel-negro-azul","title":{"rendered":"Sill\u00f3n giratorio GAMING S\u00cdMIL PIEL NEGRO &#8211; AZUL"},"content":{"rendered":"<ul>\n<li>&#8211;\u00a0Sill\u00f3n giratorio regulable en altura Gaming.<\/li>\n<li>&#8211;\u00a0 Brazos escamoteables tapizados.<\/li>\n<li>&#8211;\u00a0 Mecanismo basculante con bloqueo.<\/li>\n<li>&#8211;\u00a0 S\u00edmil piel negro &#8211; azul.<\/li>\n<\/ul>\n","protected":false},"excerpt":{"rendered":"<ul>\n<li>&#8211;\u00a0Sill\u00f3n giratorio regulable en altura Gaming.<\/li>\n<li>&#8211;\u00a0 Brazos escamoteables tapizados.<\/li>\n<li>&#8211;\u00a0 Mecanismo basculante con bloqueo.<\/li>\n<li>&#8211;\u00a0 S\u00edmil piel negro &#8211; azul.<\/li>\n<\/ul>\n","protected":false},"featured_media":8342,"comment_status":"open","ping_status":"closed","template":"","meta":[],"yoast_head":"<!-- This site is optimized with the Yoast SEO plugin v15.9.2 - https:\/\/yoast.com\/wordpress\/plugins\/seo\/ -->\n<title>Sill\u00f3n giratorio GAMING S\u00cdMIL PIEL NEGRO - AZUL - Sue\u00f1Azul<\/title>\n<meta name=\"robots\" content=\"index, follow, max-snippet:-1, max-image-preview:large, max-video-preview:-1\" \/>\n<link rel=\"canonical\" href=\"https:\/\/sue\u00f1azul.com\/?product=sillon-giratorio-gaming-simil-piel-negro-azul\" \/>\n<meta property=\"og:locale\" content=\"es_ES\" \/>\n<meta property=\"og:type\" content=\"article\" \/>\n<meta property=\"og:title\" content=\"Sill\u00f3n giratorio GAMING S\u00cdMIL PIEL NEGRO - AZUL - Sue\u00f1Azul\" \/>\n<meta property=\"og:description\" content=\"-\u00a0Sill\u00f3n giratorio regulable en altura Gaming.  -\u00a0 Brazos escamoteables tapizados.  -\u00a0 Mecanismo basculante con bloqueo.  -\u00a0 S\u00edmil piel negro - azul.\" \/>\n<meta property=\"og:url\" content=\"https:\/\/sue\u00f1azul.com\/?product=sillon-giratorio-gaming-simil-piel-negro-azul\" \/>\n<meta property=\"og:site_name\" content=\"Sue\u00f1Azul\" \/>\n<meta property=\"article:modified_time\" content=\"2020-11-13T23:48:35+00:00\" \/>\n<meta property=\"og:image\" content=\"https:\/\/sue\u00f1azul.com\/wp-content\/uploads\/2020\/11\/0003550014843-1.jpg\" \/>\n\t<meta property=\"og:image:width\" content=\"472\" \/>\n\t<meta property=\"og:image:height\" content=\"472\" \/>\n<meta name=\"twitter:card\" content=\"summary_large_image\" \/>\n<script type=\"application\/ld+json\" class=\"yoast-schema-graph\">{\"@context\":\"https:\/\/schema.org\",\"@graph\":[{\"@type\":\"WebSite\",\"@id\":\"https:\/\/sue\\u00f1azul.com\/#website\",\"url\":\"https:\/\/sue\\u00f1azul.com\/\",\"name\":\"Sue\\u00f1Azul\",\"description\":\"Somos una empresa especializada en la venta de art\\u00edculos de descanso, sof\\u00e1s y complementos para el hogar. Destacamos por ser una de las empresas l\\u00edder del sector del mobiliario descanso.\",\"potentialAction\":[{\"@type\":\"SearchAction\",\"target\":\"https:\/\/sue\\u00f1azul.com\/?s={search_term_string}\",\"query-input\":\"required name=search_term_string\"}],\"inLanguage\":\"es\"},{\"@type\":\"ImageObject\",\"@id\":\"https:\/\/sue\\u00f1azul.com\/?product=sillon-giratorio-gaming-simil-piel-negro-azul#primaryimage\",\"inLanguage\":\"es\",\"url\":\"https:\/\/sue\\u00f1azul.com\/wp-content\/uploads\/2020\/11\/0003550014843-1.jpg\",\"width\":472,\"height\":472},{\"@type\":\"WebPage\",\"@id\":\"https:\/\/sue\\u00f1azul.com\/?product=sillon-giratorio-gaming-simil-piel-negro-azul#webpage\",\"url\":\"https:\/\/sue\\u00f1azul.com\/?product=sillon-giratorio-gaming-simil-piel-negro-azul\",\"name\":\"Sill\\u00f3n giratorio GAMING S\\u00cdMIL PIEL NEGRO - AZUL - Sue\\u00f1Azul\",\"isPartOf\":{\"@id\":\"https:\/\/sue\\u00f1azul.com\/#website\"},\"primaryImageOfPage\":{\"@id\":\"https:\/\/sue\\u00f1azul.com\/?product=sillon-giratorio-gaming-simil-piel-negro-azul#primaryimage\"},\"datePublished\":\"2020-11-13T23:46:33+00:00\",\"dateModified\":\"2020-11-13T23:48:35+00:00\",\"breadcrumb\":{\"@id\":\"https:\/\/sue\\u00f1azul.com\/?product=sillon-giratorio-gaming-simil-piel-negro-azul#breadcrumb\"},\"inLanguage\":\"es\",\"potentialAction\":[{\"@type\":\"ReadAction\",\"target\":[\"https:\/\/sue\\u00f1azul.com\/?product=sillon-giratorio-gaming-simil-piel-negro-azul\"]}]},{\"@type\":\"BreadcrumbList\",\"@id\":\"https:\/\/sue\\u00f1azul.com\/?product=sillon-giratorio-gaming-simil-piel-negro-azul#breadcrumb\",\"itemListElement\":[{\"@type\":\"ListItem\",\"position\":1,\"item\":{\"@type\":\"WebPage\",\"@id\":\"https:\/\/sue\\u00f1azul.com\/\",\"url\":\"https:\/\/sue\\u00f1azul.com\/\",\"name\":\"Portada\"}},{\"@type\":\"ListItem\",\"position\":2,\"item\":{\"@type\":\"WebPage\",\"@id\":\"https:\/\/sue\\u00f1azul.com\/?page_id=264\",\"url\":\"https:\/\/sue\\u00f1azul.com\/?page_id=264\",\"name\":\"Tienda\"}},{\"@type\":\"ListItem\",\"position\":3,\"item\":{\"@type\":\"WebPage\",\"@id\":\"https:\/\/sue\\u00f1azul.com\/?product=sillon-giratorio-gaming-simil-piel-negro-azul\",\"url\":\"https:\/\/sue\\u00f1azul.com\/?product=sillon-giratorio-gaming-simil-piel-negro-azul\",\"name\":\"Sill\\u00f3n giratorio GAMING S\\u00cdMIL PIEL NEGRO &#8211; AZUL\"}}]}]}<\/script>\n<!-- \/ Yoast SEO plugin. -->","_links":{"self":[{"href":"https:\/\/sue\u00f1azul.com\/index.php?rest_route=\/wp\/v2\/product\/8341"}],"collection":[{"href":"https:\/\/sue\u00f1azul.com\/index.php?rest_route=\/wp\/v2\/product"}],"about":[{"href":"https:\/\/sue\u00f1azul.com\/index.php?rest_route=\/wp\/v2\/types\/product"}],"replies":[{"embeddable":true,"href":"https:\/\/sue\u00f1azul.com\/index.php?rest_route=%2Fwp%2Fv2%2Fcomments&post=8341"}],"wp:featuredmedia":[{"embeddable":true,"href":"https:\/\/sue\u00f1azul.com\/index.php?rest_route=\/wp\/v2\/media\/8342"}],"wp:attachment":[{"href":"https:\/\/sue\u00f1azul.com\/index.php?rest_route=%2Fwp%2Fv2%2Fmedia&parent=8341"}],"curies":[{"name":"wp","href":"https:\/\/api.w.org\/{rel}","templated":true}]}}