{"id":8414,"date":"2020-11-16T01:32:13","date_gmt":"2020-11-16T01:32:13","guid":{"rendered":"https:\/\/sue\u00f1azul.com\/?post_type=product&#038;p=8414"},"modified":"2020-11-16T01:36:27","modified_gmt":"2020-11-16T01:36:27","slug":"sofa-valetta","status":"publish","type":"product","link":"https:\/\/sue\u00f1azul.com\/?product=sofa-valetta","title":{"rendered":"Sof\u00e1 VALETTA"},"content":{"rendered":"<p>-Se fabrica a medida. Opci\u00f3n de fabricar en dos plazas, tres plazas o chaiselongue.<\/p>\n<p>-Composici\u00f3n: Armaz\u00f3n: Pino y paneles de part\u00edculas. Asientos: Espuma suave de 28kg. Rellenos: Fibra virgen 100%. Pata: Tubo met\u00e1lico. Respaldos: Reclinables. Asientos deslizantes de fricci\u00f3n.<\/p>\n<p>&#8211; Opciones: Arc\u00f3n de Chaise longue 80p. Chaise logue partida reversible 100p. Deslizantes de ruedas con puntos de freno 40p. Brazos reducidos a 20 cm Sin coste.<\/p>\n","protected":false},"excerpt":{"rendered":"<p>-Se fabrica a medida. Opci\u00f3n de fabricar en dos plazas, tres plazas o chaiselongue.<\/p>\n<p>-Composici\u00f3n: Armaz\u00f3n: Pino y paneles de part\u00edculas. Asientos: Espuma suave de 28kg. Rellenos: Fibra virgen 100%. Pata: Tubo met\u00e1lico. Respaldos: Reclinables. Asientos deslizantes de fricci\u00f3n.<\/p>\n<p>&#8211; Opciones: Arc\u00f3n de Chaise longue 80p. Chaise logue partida reversible 100p. Deslizantes de ruedas con puntos de freno 40p. Brazos reducidos a 20 cm Sin coste.<\/p>\n<h3><strong>Consultar precio seg\u00fan medida<\/strong><\/h3>\n","protected":false},"featured_media":8417,"comment_status":"open","ping_status":"closed","template":"","meta":[],"yoast_head":"<!-- This site is optimized with the Yoast SEO plugin v15.9.2 - https:\/\/yoast.com\/wordpress\/plugins\/seo\/ -->\n<title>Sof\u00e1 VALETTA - Sue\u00f1Azul<\/title>\n<meta name=\"robots\" content=\"index, follow, max-snippet:-1, max-image-preview:large, max-video-preview:-1\" \/>\n<link rel=\"canonical\" href=\"https:\/\/sue\u00f1azul.com\/?product=sofa-valetta\" \/>\n<meta property=\"og:locale\" content=\"es_ES\" \/>\n<meta property=\"og:type\" content=\"article\" \/>\n<meta property=\"og:title\" content=\"Sof\u00e1 VALETTA - Sue\u00f1Azul\" \/>\n<meta property=\"og:description\" content=\"-Se fabrica a medida. Opci\u00f3n de fabricar en dos plazas, tres plazas o chaiselongue.  -Composici\u00f3n: Armaz\u00f3n: Pino y paneles de part\u00edculas. Asientos: Espuma suave de 28kg. Rellenos: Fibra virgen 100%. Pata: Tubo met\u00e1lico. Respaldos: Reclinables. Asientos deslizantes de fricci\u00f3n.  - Opciones: Arc\u00f3n de Chaise longue 80p. Chaise logue partida reversible 100p. Deslizantes de ruedas con puntos de freno 40p. Brazos reducidos a 20 cm Sin coste. Consultar precio seg\u00fan medida\" \/>\n<meta property=\"og:url\" content=\"https:\/\/sue\u00f1azul.com\/?product=sofa-valetta\" \/>\n<meta property=\"og:site_name\" content=\"Sue\u00f1Azul\" \/>\n<meta property=\"article:modified_time\" content=\"2020-11-16T01:36:27+00:00\" \/>\n<meta property=\"og:image\" content=\"https:\/\/sue\u00f1azul.com\/wp-content\/uploads\/2020\/11\/75eecfd4-4bf2-4f11-b79a-4c23050ec8e6.jpg\" \/>\n\t<meta property=\"og:image:width\" content=\"828\" \/>\n\t<meta property=\"og:image:height\" content=\"718\" \/>\n<meta name=\"twitter:card\" content=\"summary_large_image\" \/>\n<script type=\"application\/ld+json\" class=\"yoast-schema-graph\">{\"@context\":\"https:\/\/schema.org\",\"@graph\":[{\"@type\":\"WebSite\",\"@id\":\"https:\/\/sue\\u00f1azul.com\/#website\",\"url\":\"https:\/\/sue\\u00f1azul.com\/\",\"name\":\"Sue\\u00f1Azul\",\"description\":\"Somos una empresa especializada en la venta de art\\u00edculos de descanso, sof\\u00e1s y complementos para el hogar. Destacamos por ser una de las empresas l\\u00edder del sector del mobiliario descanso.\",\"potentialAction\":[{\"@type\":\"SearchAction\",\"target\":\"https:\/\/sue\\u00f1azul.com\/?s={search_term_string}\",\"query-input\":\"required name=search_term_string\"}],\"inLanguage\":\"es\"},{\"@type\":\"ImageObject\",\"@id\":\"https:\/\/sue\\u00f1azul.com\/?product=sofa-valetta#primaryimage\",\"inLanguage\":\"es\",\"url\":\"https:\/\/sue\\u00f1azul.com\/wp-content\/uploads\/2020\/11\/75eecfd4-4bf2-4f11-b79a-4c23050ec8e6.jpg\",\"width\":828,\"height\":718},{\"@type\":\"WebPage\",\"@id\":\"https:\/\/sue\\u00f1azul.com\/?product=sofa-valetta#webpage\",\"url\":\"https:\/\/sue\\u00f1azul.com\/?product=sofa-valetta\",\"name\":\"Sof\\u00e1 VALETTA - Sue\\u00f1Azul\",\"isPartOf\":{\"@id\":\"https:\/\/sue\\u00f1azul.com\/#website\"},\"primaryImageOfPage\":{\"@id\":\"https:\/\/sue\\u00f1azul.com\/?product=sofa-valetta#primaryimage\"},\"datePublished\":\"2020-11-16T01:32:13+00:00\",\"dateModified\":\"2020-11-16T01:36:27+00:00\",\"breadcrumb\":{\"@id\":\"https:\/\/sue\\u00f1azul.com\/?product=sofa-valetta#breadcrumb\"},\"inLanguage\":\"es\",\"potentialAction\":[{\"@type\":\"ReadAction\",\"target\":[\"https:\/\/sue\\u00f1azul.com\/?product=sofa-valetta\"]}]},{\"@type\":\"BreadcrumbList\",\"@id\":\"https:\/\/sue\\u00f1azul.com\/?product=sofa-valetta#breadcrumb\",\"itemListElement\":[{\"@type\":\"ListItem\",\"position\":1,\"item\":{\"@type\":\"WebPage\",\"@id\":\"https:\/\/sue\\u00f1azul.com\/\",\"url\":\"https:\/\/sue\\u00f1azul.com\/\",\"name\":\"Portada\"}},{\"@type\":\"ListItem\",\"position\":2,\"item\":{\"@type\":\"WebPage\",\"@id\":\"https:\/\/sue\\u00f1azul.com\/?page_id=264\",\"url\":\"https:\/\/sue\\u00f1azul.com\/?page_id=264\",\"name\":\"Tienda\"}},{\"@type\":\"ListItem\",\"position\":3,\"item\":{\"@type\":\"WebPage\",\"@id\":\"https:\/\/sue\\u00f1azul.com\/?product=sofa-valetta\",\"url\":\"https:\/\/sue\\u00f1azul.com\/?product=sofa-valetta\",\"name\":\"Sof\\u00e1 VALETTA\"}}]}]}<\/script>\n<!-- \/ Yoast SEO plugin. -->","_links":{"self":[{"href":"https:\/\/sue\u00f1azul.com\/index.php?rest_route=\/wp\/v2\/product\/8414"}],"collection":[{"href":"https:\/\/sue\u00f1azul.com\/index.php?rest_route=\/wp\/v2\/product"}],"about":[{"href":"https:\/\/sue\u00f1azul.com\/index.php?rest_route=\/wp\/v2\/types\/product"}],"replies":[{"embeddable":true,"href":"https:\/\/sue\u00f1azul.com\/index.php?rest_route=%2Fwp%2Fv2%2Fcomments&post=8414"}],"wp:featuredmedia":[{"embeddable":true,"href":"https:\/\/sue\u00f1azul.com\/index.php?rest_route=\/wp\/v2\/media\/8417"}],"wp:attachment":[{"href":"https:\/\/sue\u00f1azul.com\/index.php?rest_route=%2Fwp%2Fv2%2Fmedia&parent=8414"}],"curies":[{"name":"wp","href":"https:\/\/api.w.org\/{rel}","templated":true}]}}