{"id":8433,"date":"2020-11-16T01:42:00","date_gmt":"2020-11-16T01:42:00","guid":{"rendered":"https:\/\/sue\u00f1azul.com\/?post_type=product&#038;p=8433"},"modified":"2020-11-16T01:44:18","modified_gmt":"2020-11-16T01:44:18","slug":"sofa-berlin","status":"publish","type":"product","link":"https:\/\/sue\u00f1azul.com\/?product=sofa-berlin","title":{"rendered":"Sof\u00e1 BERL\u00cdN"},"content":{"rendered":"<p>-Se fabrica a medida. Opci\u00f3n de fabricar en dos plazas, tres plazas o chaiselongue.<\/p>\n<p>-Una completa opci\u00f3n para cualquier sal\u00f3n por su dise\u00f1o y acabados. Extensible, reclinable e incorpora 2 puffs en el brazo.<\/p>\n<p>-Estructura: madera de pino + tablero DM. Recubierto de Poliuretano flexible de 15 kg\/m3.<\/p>\n<p>-Asientos: Espuma de Poliuretano de 30 kg\/m3 con fibra de poli\u00e9ster.<\/p>\n<p>-Respaldos: Fibra hueca siliconada.<\/p>\n<p>-Brazos: Fibra de poli\u00e9ster.<\/p>\n<p>-Brazos desmontables \/ intercambiables: si \/ no.<\/p>\n<p>-Almohadas desenfundables (asiento, respaldo y brazo).<\/p>\n<p>-Patas: Met\u00e1lica \/ Altura: 2,5 cm.<\/p>\n<p>-Chaise longue: Extensible y reclinable.<\/p>\n<p>-Mecanismo sof\u00e1: Extensible y reclinable.<\/p>\n","protected":false},"excerpt":{"rendered":"<p>-Se fabrica a medida. Opci\u00f3n de fabricar en dos plazas, tres plazas o chaiselongue.<\/p>\n<p>-Una completa opci\u00f3n para cualquier sal\u00f3n por su dise\u00f1o y acabados. Extensible, reclinable e incorpora 2 puffs en el brazo.<\/p>\n<p>-Estructura: madera de pino + tablero DM. Recubierto de Poliuretano flexible de 15 kg\/m3.<\/p>\n<p>-Asientos: Espuma de Poliuretano de 30 kg\/m3 con fibra de poli\u00e9ster.<\/p>\n<p>-Respaldos: Fibra hueca siliconada.<\/p>\n<p>-Brazos: Fibra de poli\u00e9ster.<\/p>\n<p>-Brazos desmontables \/ intercambiables: si \/ no.<\/p>\n<p>-Almohadas desenfundables (asiento, respaldo y brazo).<\/p>\n<p>-Patas: Met\u00e1lica \/ Altura: 2,5 cm.<\/p>\n<p>-Chaise longue: Extensible y reclinable.<\/p>\n<p>-Mecanismo sof\u00e1: Extensible y reclinable.<\/p>\n<h3><strong>Consultar precio seg\u00fan medida<\/strong><\/h3>\n","protected":false},"featured_media":8434,"comment_status":"open","ping_status":"closed","template":"","meta":[],"yoast_head":"<!-- This site is optimized with the Yoast SEO plugin v15.9.2 - https:\/\/yoast.com\/wordpress\/plugins\/seo\/ -->\n<title>Sof\u00e1 BERL\u00cdN - Sue\u00f1Azul<\/title>\n<meta name=\"robots\" content=\"index, follow, max-snippet:-1, max-image-preview:large, max-video-preview:-1\" \/>\n<link rel=\"canonical\" href=\"https:\/\/sue\u00f1azul.com\/?product=sofa-berlin\" \/>\n<meta property=\"og:locale\" content=\"es_ES\" \/>\n<meta property=\"og:type\" content=\"article\" \/>\n<meta property=\"og:title\" content=\"Sof\u00e1 BERL\u00cdN - Sue\u00f1Azul\" \/>\n<meta property=\"og:description\" content=\"-Se fabrica a medida. Opci\u00f3n de fabricar en dos plazas, tres plazas o chaiselongue.  -Una completa opci\u00f3n para cualquier sal\u00f3n por su dise\u00f1o y acabados. Extensible, reclinable e incorpora 2 puffs en el brazo.  -Estructura: madera de pino + tablero DM. Recubierto de Poliuretano flexible de 15 kg\/m3.  -Asientos: Espuma de Poliuretano de 30 kg\/m3 con fibra de poli\u00e9ster.  -Respaldos: Fibra hueca siliconada.  -Brazos: Fibra de poli\u00e9ster.  -Brazos desmontables \/ intercambiables: si \/ no.  -Almohadas desenfundables (asiento, respaldo y brazo).  -Patas: Met\u00e1lica \/ Altura: 2,5 cm.  -Chaise longue: Extensible y reclinable.  -Mecanismo sof\u00e1: Extensible y reclinable. Consultar precio seg\u00fan medida\" \/>\n<meta property=\"og:url\" content=\"https:\/\/sue\u00f1azul.com\/?product=sofa-berlin\" \/>\n<meta property=\"og:site_name\" content=\"Sue\u00f1Azul\" \/>\n<meta property=\"article:modified_time\" content=\"2020-11-16T01:44:18+00:00\" \/>\n<meta property=\"og:image\" content=\"https:\/\/sue\u00f1azul.com\/wp-content\/uploads\/2020\/11\/46833ff9-58f5-4df6-91e8-a7aa847cb45e.jpg\" \/>\n\t<meta property=\"og:image:width\" content=\"828\" \/>\n\t<meta property=\"og:image:height\" content=\"736\" \/>\n<meta name=\"twitter:card\" content=\"summary_large_image\" \/>\n<script type=\"application\/ld+json\" class=\"yoast-schema-graph\">{\"@context\":\"https:\/\/schema.org\",\"@graph\":[{\"@type\":\"WebSite\",\"@id\":\"https:\/\/sue\\u00f1azul.com\/#website\",\"url\":\"https:\/\/sue\\u00f1azul.com\/\",\"name\":\"Sue\\u00f1Azul\",\"description\":\"Somos una empresa especializada en la venta de art\\u00edculos de descanso, sof\\u00e1s y complementos para el hogar. Destacamos por ser una de las empresas l\\u00edder del sector del mobiliario descanso.\",\"potentialAction\":[{\"@type\":\"SearchAction\",\"target\":\"https:\/\/sue\\u00f1azul.com\/?s={search_term_string}\",\"query-input\":\"required name=search_term_string\"}],\"inLanguage\":\"es\"},{\"@type\":\"ImageObject\",\"@id\":\"https:\/\/sue\\u00f1azul.com\/?product=sofa-berlin#primaryimage\",\"inLanguage\":\"es\",\"url\":\"https:\/\/sue\\u00f1azul.com\/wp-content\/uploads\/2020\/11\/46833ff9-58f5-4df6-91e8-a7aa847cb45e.jpg\",\"width\":828,\"height\":736},{\"@type\":\"WebPage\",\"@id\":\"https:\/\/sue\\u00f1azul.com\/?product=sofa-berlin#webpage\",\"url\":\"https:\/\/sue\\u00f1azul.com\/?product=sofa-berlin\",\"name\":\"Sof\\u00e1 BERL\\u00cdN - Sue\\u00f1Azul\",\"isPartOf\":{\"@id\":\"https:\/\/sue\\u00f1azul.com\/#website\"},\"primaryImageOfPage\":{\"@id\":\"https:\/\/sue\\u00f1azul.com\/?product=sofa-berlin#primaryimage\"},\"datePublished\":\"2020-11-16T01:42:00+00:00\",\"dateModified\":\"2020-11-16T01:44:18+00:00\",\"breadcrumb\":{\"@id\":\"https:\/\/sue\\u00f1azul.com\/?product=sofa-berlin#breadcrumb\"},\"inLanguage\":\"es\",\"potentialAction\":[{\"@type\":\"ReadAction\",\"target\":[\"https:\/\/sue\\u00f1azul.com\/?product=sofa-berlin\"]}]},{\"@type\":\"BreadcrumbList\",\"@id\":\"https:\/\/sue\\u00f1azul.com\/?product=sofa-berlin#breadcrumb\",\"itemListElement\":[{\"@type\":\"ListItem\",\"position\":1,\"item\":{\"@type\":\"WebPage\",\"@id\":\"https:\/\/sue\\u00f1azul.com\/\",\"url\":\"https:\/\/sue\\u00f1azul.com\/\",\"name\":\"Portada\"}},{\"@type\":\"ListItem\",\"position\":2,\"item\":{\"@type\":\"WebPage\",\"@id\":\"https:\/\/sue\\u00f1azul.com\/?page_id=264\",\"url\":\"https:\/\/sue\\u00f1azul.com\/?page_id=264\",\"name\":\"Tienda\"}},{\"@type\":\"ListItem\",\"position\":3,\"item\":{\"@type\":\"WebPage\",\"@id\":\"https:\/\/sue\\u00f1azul.com\/?product=sofa-berlin\",\"url\":\"https:\/\/sue\\u00f1azul.com\/?product=sofa-berlin\",\"name\":\"Sof\\u00e1 BERL\\u00cdN\"}}]}]}<\/script>\n<!-- \/ Yoast SEO plugin. -->","_links":{"self":[{"href":"https:\/\/sue\u00f1azul.com\/index.php?rest_route=\/wp\/v2\/product\/8433"}],"collection":[{"href":"https:\/\/sue\u00f1azul.com\/index.php?rest_route=\/wp\/v2\/product"}],"about":[{"href":"https:\/\/sue\u00f1azul.com\/index.php?rest_route=\/wp\/v2\/types\/product"}],"replies":[{"embeddable":true,"href":"https:\/\/sue\u00f1azul.com\/index.php?rest_route=%2Fwp%2Fv2%2Fcomments&post=8433"}],"wp:featuredmedia":[{"embeddable":true,"href":"https:\/\/sue\u00f1azul.com\/index.php?rest_route=\/wp\/v2\/media\/8434"}],"wp:attachment":[{"href":"https:\/\/sue\u00f1azul.com\/index.php?rest_route=%2Fwp%2Fv2%2Fmedia&parent=8433"}],"curies":[{"name":"wp","href":"https:\/\/api.w.org\/{rel}","templated":true}]}}