{"id":9563,"date":"2021-02-06T17:08:44","date_gmt":"2021-02-06T16:08:44","guid":{"rendered":"https:\/\/sue\u00f1azul.com\/?post_type=product&#038;p=9563"},"modified":"2021-02-06T17:12:58","modified_gmt":"2021-02-06T16:12:58","slug":"sofa-chesterfield-dos-plazas","status":"publish","type":"product","link":"https:\/\/sue\u00f1azul.com\/?product=sofa-chesterfield-dos-plazas","title":{"rendered":"Sof\u00e1 CHESTERFIELD dos plazas"},"content":{"rendered":"<ul>\n<li>&#8211; Sof\u00e1 dise\u00f1o cl\u00e1sico Chesterfield 2 plazas.<\/li>\n<li>&#8211;\u00a0 Acabado capiton\u00e9 con botones tapizados.<\/li>\n<li>&#8211;\u00a0 Tejido s\u00edmil piel alta calidad negro o blanco \/ Tejido imitaci\u00f3n cuero viejo \/ Tejido Velvet color verde.<\/li>\n<li>&#8211;\u00a0 Medidas: 166 x 84 x 75 cm.<\/li>\n<\/ul>\n","protected":false},"excerpt":{"rendered":"<ul>\n<li>&#8211; Sof\u00e1 dise\u00f1o cl\u00e1sico Chesterfield 2 plazas.<\/li>\n<li>&#8211;\u00a0 Acabado capiton\u00e9 con botones tapizados.<\/li>\n<li>&#8211;\u00a0 Tejido s\u00edmil piel alta calidad negro o blanco \/ Tejido imitaci\u00f3n cuero viejo \/ Tejido Velvet color verde.<\/li>\n<li>&#8211;\u00a0 Medidas: 166 x 84 x 75 cm.<\/li>\n<\/ul>\n","protected":false},"featured_media":9575,"comment_status":"open","ping_status":"closed","template":"","meta":[],"yoast_head":"<!-- This site is optimized with the Yoast SEO plugin v15.9.2 - https:\/\/yoast.com\/wordpress\/plugins\/seo\/ -->\n<title>Sof\u00e1 CHESTERFIELD dos plazas - Sue\u00f1Azul<\/title>\n<meta name=\"robots\" content=\"index, follow, max-snippet:-1, max-image-preview:large, max-video-preview:-1\" \/>\n<link rel=\"canonical\" href=\"https:\/\/sue\u00f1azul.com\/?product=sofa-chesterfield-dos-plazas\" \/>\n<meta property=\"og:locale\" content=\"es_ES\" \/>\n<meta property=\"og:type\" content=\"article\" \/>\n<meta property=\"og:title\" content=\"Sof\u00e1 CHESTERFIELD dos plazas - Sue\u00f1Azul\" \/>\n<meta property=\"og:description\" content=\"- Sof\u00e1 dise\u00f1o cl\u00e1sico Chesterfield 2 plazas.  -\u00a0 Acabado capiton\u00e9 con botones tapizados.  -\u00a0 Tejido s\u00edmil piel alta calidad negro o blanco \/ Tejido imitaci\u00f3n cuero viejo \/ Tejido Velvet color verde.  -\u00a0 Medidas: 166 x 84 x 75 cm.\" \/>\n<meta property=\"og:url\" content=\"https:\/\/sue\u00f1azul.com\/?product=sofa-chesterfield-dos-plazas\" \/>\n<meta property=\"og:site_name\" content=\"Sue\u00f1Azul\" \/>\n<meta property=\"article:modified_time\" content=\"2021-02-06T16:12:58+00:00\" \/>\n<meta property=\"og:image\" content=\"https:\/\/sue\u00f1azul.com\/wp-content\/uploads\/2021\/02\/2000480025001-2-full.jpg\" \/>\n\t<meta property=\"og:image:width\" content=\"1950\" \/>\n\t<meta property=\"og:image:height\" content=\"1285\" \/>\n<meta name=\"twitter:card\" content=\"summary_large_image\" \/>\n<meta name=\"twitter:label1\" content=\"Tiempo de lectura\">\n\t<meta name=\"twitter:data1\" content=\"1 minuto\">\n<script type=\"application\/ld+json\" class=\"yoast-schema-graph\">{\"@context\":\"https:\/\/schema.org\",\"@graph\":[{\"@type\":\"WebSite\",\"@id\":\"https:\/\/sue\\u00f1azul.com\/#website\",\"url\":\"https:\/\/sue\\u00f1azul.com\/\",\"name\":\"Sue\\u00f1Azul\",\"description\":\"Somos una empresa especializada en la venta de art\\u00edculos de descanso, sof\\u00e1s y complementos para el hogar. Destacamos por ser una de las empresas l\\u00edder del sector del mobiliario descanso.\",\"potentialAction\":[{\"@type\":\"SearchAction\",\"target\":\"https:\/\/sue\\u00f1azul.com\/?s={search_term_string}\",\"query-input\":\"required name=search_term_string\"}],\"inLanguage\":\"es\"},{\"@type\":\"ImageObject\",\"@id\":\"https:\/\/sue\\u00f1azul.com\/?product=sofa-chesterfield-dos-plazas#primaryimage\",\"inLanguage\":\"es\",\"url\":\"https:\/\/sue\\u00f1azul.com\/wp-content\/uploads\/2021\/02\/2000480025001-2-full.jpg\",\"width\":1950,\"height\":1285},{\"@type\":\"WebPage\",\"@id\":\"https:\/\/sue\\u00f1azul.com\/?product=sofa-chesterfield-dos-plazas#webpage\",\"url\":\"https:\/\/sue\\u00f1azul.com\/?product=sofa-chesterfield-dos-plazas\",\"name\":\"Sof\\u00e1 CHESTERFIELD dos plazas - Sue\\u00f1Azul\",\"isPartOf\":{\"@id\":\"https:\/\/sue\\u00f1azul.com\/#website\"},\"primaryImageOfPage\":{\"@id\":\"https:\/\/sue\\u00f1azul.com\/?product=sofa-chesterfield-dos-plazas#primaryimage\"},\"datePublished\":\"2021-02-06T16:08:44+00:00\",\"dateModified\":\"2021-02-06T16:12:58+00:00\",\"breadcrumb\":{\"@id\":\"https:\/\/sue\\u00f1azul.com\/?product=sofa-chesterfield-dos-plazas#breadcrumb\"},\"inLanguage\":\"es\",\"potentialAction\":[{\"@type\":\"ReadAction\",\"target\":[\"https:\/\/sue\\u00f1azul.com\/?product=sofa-chesterfield-dos-plazas\"]}]},{\"@type\":\"BreadcrumbList\",\"@id\":\"https:\/\/sue\\u00f1azul.com\/?product=sofa-chesterfield-dos-plazas#breadcrumb\",\"itemListElement\":[{\"@type\":\"ListItem\",\"position\":1,\"item\":{\"@type\":\"WebPage\",\"@id\":\"https:\/\/sue\\u00f1azul.com\/\",\"url\":\"https:\/\/sue\\u00f1azul.com\/\",\"name\":\"Portada\"}},{\"@type\":\"ListItem\",\"position\":2,\"item\":{\"@type\":\"WebPage\",\"@id\":\"https:\/\/sue\\u00f1azul.com\/?page_id=264\",\"url\":\"https:\/\/sue\\u00f1azul.com\/?page_id=264\",\"name\":\"Tienda\"}},{\"@type\":\"ListItem\",\"position\":3,\"item\":{\"@type\":\"WebPage\",\"@id\":\"https:\/\/sue\\u00f1azul.com\/?product=sofa-chesterfield-dos-plazas\",\"url\":\"https:\/\/sue\\u00f1azul.com\/?product=sofa-chesterfield-dos-plazas\",\"name\":\"Sof\\u00e1 CHESTERFIELD dos plazas\"}}]}]}<\/script>\n<!-- \/ Yoast SEO plugin. -->","_links":{"self":[{"href":"https:\/\/sue\u00f1azul.com\/index.php?rest_route=\/wp\/v2\/product\/9563"}],"collection":[{"href":"https:\/\/sue\u00f1azul.com\/index.php?rest_route=\/wp\/v2\/product"}],"about":[{"href":"https:\/\/sue\u00f1azul.com\/index.php?rest_route=\/wp\/v2\/types\/product"}],"replies":[{"embeddable":true,"href":"https:\/\/sue\u00f1azul.com\/index.php?rest_route=%2Fwp%2Fv2%2Fcomments&post=9563"}],"wp:featuredmedia":[{"embeddable":true,"href":"https:\/\/sue\u00f1azul.com\/index.php?rest_route=\/wp\/v2\/media\/9575"}],"wp:attachment":[{"href":"https:\/\/sue\u00f1azul.com\/index.php?rest_route=%2Fwp%2Fv2%2Fmedia&parent=9563"}],"curies":[{"name":"wp","href":"https:\/\/api.w.org\/{rel}","templated":true}]}}