{"id":9793,"date":"2021-03-25T20:58:39","date_gmt":"2021-03-25T19:58:39","guid":{"rendered":"https:\/\/sue\u00f1azul.com\/?post_type=product&#038;p=9793"},"modified":"2021-03-25T20:58:40","modified_gmt":"2021-03-25T19:58:40","slug":"sofa-vega","status":"publish","type":"product","link":"https:\/\/sue\u00f1azul.com\/?product=sofa-vega","title":{"rendered":"Sof\u00e1 VEGA"},"content":{"rendered":"<p>Sof\u00e1s y Tapicer\u00eda Modelo Vega.<\/p>\n<p>Sof\u00e1 relax con pata alta para que puedas utilizar tu robot de limpieza. Destaca su gran comodidad.<br \/>\nEste modelo se puede fabricar a medida en todas las modalidades con sentadas fijas , con sentadas extraibles y con sentadas motorizadas .<br \/>\nA 2 plazas , 3 plazas , Chaiselongue, rinconera etc.<\/p>\n<p>Posibilidad de cambiar dise\u00f1o del brazo.<\/p>\n<p>MATERIALES DE ALTA CALIDAD, PRODUCTO CON PATA DE MADERA ABRAZADA AL LATERAL, PARA DARLE UN TOQUE DE ARQUITECTURA.<br \/>\nEstructura interior en madera de pino gallego libre de nudos, sistema de ensamblado con grapas en \u00e1ngulo de uni\u00f3n.<\/p>\n<p>\u2013 Estructura de Asiento con suspensi\u00f3n de cincha el\u00e1stica NEA (10 a\u00f1os de garant\u00eda). Para la versi\u00f3n de sof\u00e1 fijo.<\/p>\n<p>\u2013 Estructura de Asiento con bastidor con muelles deslizante de 3 posiciones 35cm con muelle en Zig \u2013 Zag (10 a\u00f1os de garant\u00eda). Para la versi\u00f3n de sof\u00e1 con asiento deslizante.<\/p>\n<p>\u2013 Mecanismo relax motorizado en los asientos con gran apertura , lo que hacen de esta versi\u00f3n muy confortable y saludable. Perfecto relax y descanso. Este mecanismo permite poner las piernas a la altura del coraz\u00f3n para una mejor circulaci\u00f3n de la sangre y mejor descanso<\/p>\n<p>\u2013 El respaldo es de cincha el\u00e1stica de primera calidad.<\/p>\n<p>\u2013 Las almohadas de asiento son de Poliuretano Hiperflex de 33 Kg gran durabilidad. Recubierto de fibra-floca de poli\u00e9ster de 250 gr. con soporte anti-\u00e1caros e ignifuga. Dando un mayor confort en la sentada.<\/p>\n<p>\u2013 Las almohadas de respaldo son de goma-espuma de poliuretano de 20 Kg suave recubierta de fibra-floca con soporte.<\/p>\n<p>\u2013 Almohadas de asiento y respaldo desenfundables para su limpieza.<\/p>\n<p>Las espumas de poliuretano de 35kg junto con la fibra en los asientos y las de 20kg super suaves en el respaldo le dan a este sof\u00e1 un gran confort.<\/p>\n","protected":false},"excerpt":{"rendered":"<p>Sof\u00e1s y Tapicer\u00eda Modelo Vega.<\/p>\n<p>Sof\u00e1 relax con pata alta para que puedas utilizar tu robot de limpieza. Destaca su gran comodidad.<br \/>\nEste modelo se puede fabricar a medida en todas las modalidades con sentadas fijas , con sentadas extraibles y con sentadas motorizadas .<br \/>\nA 2 plazas , 3 plazas , Chaiselongue, rinconera etc.<\/p>\n<p>Posibilidad de cambiar dise\u00f1o del brazo.<\/p>\n<p>MATERIALES DE ALTA CALIDAD, PRODUCTO CON PATA DE MADERA ABRAZADA AL LATERAL, PARA DARLE UN TOQUE DE ARQUITECTURA.<br \/>\nEstructura interior en madera de pino gallego libre de nudos, sistema de ensamblado con grapas en \u00e1ngulo de uni\u00f3n.<\/p>\n<h4><strong>Consultar precio.<\/strong><\/h4>\n","protected":false},"featured_media":9822,"comment_status":"open","ping_status":"closed","template":"","meta":[],"yoast_head":"<!-- This site is optimized with the Yoast SEO plugin v15.9.2 - https:\/\/yoast.com\/wordpress\/plugins\/seo\/ -->\n<title>Sof\u00e1 VEGA - Sue\u00f1Azul<\/title>\n<meta name=\"robots\" content=\"index, follow, max-snippet:-1, max-image-preview:large, max-video-preview:-1\" \/>\n<link rel=\"canonical\" href=\"https:\/\/sue\u00f1azul.com\/?product=sofa-vega\" \/>\n<meta property=\"og:locale\" content=\"es_ES\" \/>\n<meta property=\"og:type\" content=\"article\" \/>\n<meta property=\"og:title\" content=\"Sof\u00e1 VEGA - Sue\u00f1Azul\" \/>\n<meta property=\"og:description\" content=\"Sof\u00e1s y Tapicer\u00eda Modelo Vega.  Sof\u00e1 relax con pata alta para que puedas utilizar tu robot de limpieza. Destaca su gran comodidad. Este modelo se puede fabricar a medida en todas las modalidades con sentadas fijas , con sentadas extraibles y con sentadas motorizadas . A 2 plazas , 3 plazas , Chaiselongue, rinconera etc.  Posibilidad de cambiar dise\u00f1o del brazo.  MATERIALES DE ALTA CALIDAD, PRODUCTO CON PATA DE MADERA ABRAZADA AL LATERAL, PARA DARLE UN TOQUE DE ARQUITECTURA. Estructura interior en madera de pino gallego libre de nudos, sistema de ensamblado con grapas en \u00e1ngulo de uni\u00f3n. Consultar precio.\" \/>\n<meta property=\"og:url\" content=\"https:\/\/sue\u00f1azul.com\/?product=sofa-vega\" \/>\n<meta property=\"og:site_name\" content=\"Sue\u00f1Azul\" \/>\n<meta property=\"article:modified_time\" content=\"2021-03-25T19:58:40+00:00\" \/>\n<meta property=\"og:image\" content=\"https:\/\/sue\u00f1azul.com\/wp-content\/uploads\/2021\/03\/c.jpg\" \/>\n\t<meta property=\"og:image:width\" content=\"1632\" \/>\n\t<meta property=\"og:image:height\" content=\"1224\" \/>\n<meta name=\"twitter:card\" content=\"summary_large_image\" \/>\n<meta name=\"twitter:label1\" content=\"Tiempo de lectura\">\n\t<meta name=\"twitter:data1\" content=\"2 minutos\">\n<script type=\"application\/ld+json\" class=\"yoast-schema-graph\">{\"@context\":\"https:\/\/schema.org\",\"@graph\":[{\"@type\":\"WebSite\",\"@id\":\"https:\/\/sue\\u00f1azul.com\/#website\",\"url\":\"https:\/\/sue\\u00f1azul.com\/\",\"name\":\"Sue\\u00f1Azul\",\"description\":\"Somos una empresa especializada en la venta de art\\u00edculos de descanso, sof\\u00e1s y complementos para el hogar. Destacamos por ser una de las empresas l\\u00edder del sector del mobiliario descanso.\",\"potentialAction\":[{\"@type\":\"SearchAction\",\"target\":\"https:\/\/sue\\u00f1azul.com\/?s={search_term_string}\",\"query-input\":\"required name=search_term_string\"}],\"inLanguage\":\"es\"},{\"@type\":\"ImageObject\",\"@id\":\"https:\/\/sue\\u00f1azul.com\/?product=sofa-vega#primaryimage\",\"inLanguage\":\"es\",\"url\":\"https:\/\/sue\\u00f1azul.com\/wp-content\/uploads\/2021\/03\/c.jpg\",\"width\":1632,\"height\":1224},{\"@type\":\"WebPage\",\"@id\":\"https:\/\/sue\\u00f1azul.com\/?product=sofa-vega#webpage\",\"url\":\"https:\/\/sue\\u00f1azul.com\/?product=sofa-vega\",\"name\":\"Sof\\u00e1 VEGA - Sue\\u00f1Azul\",\"isPartOf\":{\"@id\":\"https:\/\/sue\\u00f1azul.com\/#website\"},\"primaryImageOfPage\":{\"@id\":\"https:\/\/sue\\u00f1azul.com\/?product=sofa-vega#primaryimage\"},\"datePublished\":\"2021-03-25T19:58:39+00:00\",\"dateModified\":\"2021-03-25T19:58:40+00:00\",\"breadcrumb\":{\"@id\":\"https:\/\/sue\\u00f1azul.com\/?product=sofa-vega#breadcrumb\"},\"inLanguage\":\"es\",\"potentialAction\":[{\"@type\":\"ReadAction\",\"target\":[\"https:\/\/sue\\u00f1azul.com\/?product=sofa-vega\"]}]},{\"@type\":\"BreadcrumbList\",\"@id\":\"https:\/\/sue\\u00f1azul.com\/?product=sofa-vega#breadcrumb\",\"itemListElement\":[{\"@type\":\"ListItem\",\"position\":1,\"item\":{\"@type\":\"WebPage\",\"@id\":\"https:\/\/sue\\u00f1azul.com\/\",\"url\":\"https:\/\/sue\\u00f1azul.com\/\",\"name\":\"Portada\"}},{\"@type\":\"ListItem\",\"position\":2,\"item\":{\"@type\":\"WebPage\",\"@id\":\"https:\/\/sue\\u00f1azul.com\/?page_id=264\",\"url\":\"https:\/\/sue\\u00f1azul.com\/?page_id=264\",\"name\":\"Tienda\"}},{\"@type\":\"ListItem\",\"position\":3,\"item\":{\"@type\":\"WebPage\",\"@id\":\"https:\/\/sue\\u00f1azul.com\/?product=sofa-vega\",\"url\":\"https:\/\/sue\\u00f1azul.com\/?product=sofa-vega\",\"name\":\"Sof\\u00e1 VEGA\"}}]}]}<\/script>\n<!-- \/ Yoast SEO plugin. -->","_links":{"self":[{"href":"https:\/\/sue\u00f1azul.com\/index.php?rest_route=\/wp\/v2\/product\/9793"}],"collection":[{"href":"https:\/\/sue\u00f1azul.com\/index.php?rest_route=\/wp\/v2\/product"}],"about":[{"href":"https:\/\/sue\u00f1azul.com\/index.php?rest_route=\/wp\/v2\/types\/product"}],"replies":[{"embeddable":true,"href":"https:\/\/sue\u00f1azul.com\/index.php?rest_route=%2Fwp%2Fv2%2Fcomments&post=9793"}],"wp:featuredmedia":[{"embeddable":true,"href":"https:\/\/sue\u00f1azul.com\/index.php?rest_route=\/wp\/v2\/media\/9822"}],"wp:attachment":[{"href":"https:\/\/sue\u00f1azul.com\/index.php?rest_route=%2Fwp%2Fv2%2Fmedia&parent=9793"}],"curies":[{"name":"wp","href":"https:\/\/api.w.org\/{rel}","templated":true}]}}